{"id":11965,"date":"2022-03-21T14:42:17","date_gmt":"2022-03-21T13:42:17","guid":{"rendered":"https:\/\/fotovision.dyndns.org\/?post_type=product&#038;p=11965"},"modified":"2022-03-23T07:02:09","modified_gmt":"2022-03-23T06:02:09","slug":"v12-egyenes-fal","status":"publish","type":"product","link":"https:\/\/fotovision.eu\/en\/termekek\/sajtofalak\/v12-egyenes-fal\/","title":{"rendered":"V12 straight wall"},"content":{"rendered":"<div class=\"collapsible-body\">\n<p>Az egyenes fal t<span lang=\"en-US\">\u00f6bb<\/span>funkci\u00f3s<span lang=\"en-US\">\u00a0prom\u00f3ci\u00f3s term\u00e9k. Modern, innovat\u00edv design, k\u00f6nny\u0171 s\u00faly \u00e9s kiv\u00e1l\u00f3 min\u0151s\u00e9g jellemzi.\u00a0<\/span>Tov\u00e1bbi<span lang=\"en-US\">\u00a0el\u0151nye a gyors \u00e9s egyszer\u0171 \u00f6sszeszerel\u00e9s<\/span>.<span lang=\"en-US\">A sz\u00f6vet t\u00f6k\u00e9letesen illeszkedik a szerkezethez, r\u00e1ncok \u00e9s hull\u00e1mok n\u00e9lk\u00fcl.<\/span><\/p>\n<p><span lang=\"en-US\">A keret alum\u00ednium cs\u00f6vekb\u0151l \u00e1ll, amelyek speci\u00e1lis klipekkel vannak \u00f6sszek\u00f6tve. Az elemek intuit\u00edv m\u00f3don \u00e9s szersz\u00e1m n\u00e9lk\u00fcl csatlakoznak egym\u00e1shoz. Az eg\u00e9sz szerkezet fel\u00e9p\u00edt\u00e9se ut\u00e1n sima fel\u00fcletet\u00a0<\/span>kapunk<span lang=\"en-US\">&#8211;<\/span>az anyag fel\u00fclete egys\u00e9ges lesz.<\/p>\n<p><span lang=\"en-US\">A<\/span>z anyaga\u00a0<span lang=\"en-US\">poli\u00e9szter sz\u00f6vet, amelyre\u00a0<\/span>az \u00d6n \u00e1ltal elk\u00e9pzelt grafika fog ker\u00fclni<span lang=\"en-US\">. \u00a0<\/span>T\u00f6bbsz\u00f6r\u00f6s<span lang=\"en-US\">\u00a0mos\u00e1s \u00e9s vasal\u00e1s sem v\u00e1ltoztatja meg a sz\u00edn<\/span><span lang=\"en-US\">\u00a0tel\u00edtetts\u00e9g\u00e9t vagy a<\/span><span lang=\"en-US\">\u00a0sz\u00f6vet min\u0151s\u00e9g\u00e9t.<\/span><\/p>\n<p><span lang=\"en-US\">Az eg\u00e9sz\u00a0<\/span>display rendszerhez\u00a0<span lang=\"en-US\">egy kicsi, eszt\u00e9tikus sz\u00e1ll\u00edt\u00f3t\u00e1sk\u00e1<\/span>t adunk<span lang=\"en-US\">.<\/span><\/p>\n<p><strong>Available sizes:\u00a0<\/strong><\/p>\n<p>width: 300\/600 cm<\/p>\n<p>height: 230 cm<\/p>\n<p>depth: 50 cm<\/p>\n<p><strong>Raw materials:<\/strong><\/p>\n<p>aluminum<\/p>\n<p>polyester<\/p>\n<\/div>","protected":false},"excerpt":{"rendered":"<p>Az egyenes fal t<span lang=\"en-US\">\u00f6bb<\/span>funkci\u00f3s<span lang=\"en-US\">\u00a0prom\u00f3ci\u00f3s term\u00e9k.<\/span><\/p>\n<p><a href=\"\/wp-content\/uploads\/teritekrajz\/v12egyenesfal.pdf\" target=\"_blank\" rel=\"noopener\"><\/p>\n<div class=\"md-icon-wrap\"><i class=\"material-icons-outlined md-picture_as_pdf\" data-md-icon=\"picture_as_pdf\"><\/i><\/div>\n<p><strong>Download a layout <\/strong><\/a><\/p>\n<table>\n<thead>\n<tr>\n<td><img decoding=\"async\" title=\"Quick and easy assembly\" src=\"https:\/\/fotovision.eu\/wp-content\/uploads\/ora.svg\" alt=\"Gyors \u00f6ssze\u00e1ll\u00edt\u00e1s\" width=\"60\" height=\"60\" \/><\/td>\n<td><img decoding=\"async\" title=\"Light weight\" src=\"https:\/\/fotovision.eu\/wp-content\/uploads\/suly.svg\" alt=\"K\u00f6nny\u0171 s\u00faly\" width=\"60\" height=\"60\" \/><\/td>\n<td><img decoding=\"async\" title=\"Can be assembled without mounting\" src=\"https:\/\/fotovision.eu\/wp-content\/uploads\/szereles.svg\" alt=\"Szerel\u00e9s n\u00e9lk\u00fcl \u00f6ssze\u00e1ll\u00edthat\u00f3\" width=\"60\" height=\"60\" \/><\/td>\n<td><img loading=\"lazy\" decoding=\"async\" title=\"Extended warranty\" src=\"https:\/\/fotovision.eu\/wp-content\/uploads\/pipa.svg\" alt=\"Kiterjesztett garancia\" width=\"60\" height=\"60\" \/><\/td>\n<\/tr>\n<\/thead>\n<\/table>\n<p> <a class=\"more-link\" href=\"https:\/\/fotovision.eu\/en\/termekek\/sajtofalak\/v12-egyenes-fal\/\">Read more<\/a><\/p>","protected":false},"featured_media":11971,"template":"","meta":[],"product_brand":[],"product_cat":[54],"product_tag":[],"class_list":{"0":"post-11965","1":"product","2":"type-product","3":"status-publish","4":"has-post-thumbnail","6":"product_cat-sajtofalak","8":"first","9":"instock","10":"sold-individually","11":"shipping-taxable","12":"product-type-simple"},"_links":{"self":[{"href":"https:\/\/fotovision.eu\/en\/wp-json\/wp\/v2\/product\/11965","targetHints":{"allow":["GET"]}}],"collection":[{"href":"https:\/\/fotovision.eu\/en\/wp-json\/wp\/v2\/product"}],"about":[{"href":"https:\/\/fotovision.eu\/en\/wp-json\/wp\/v2\/types\/product"}],"version-history":[{"count":1,"href":"https:\/\/fotovision.eu\/en\/wp-json\/wp\/v2\/product\/11965\/revisions"}],"predecessor-version":[{"id":11977,"href":"https:\/\/fotovision.eu\/en\/wp-json\/wp\/v2\/product\/11965\/revisions\/11977"}],"wp:featuredmedia":[{"embeddable":true,"href":"https:\/\/fotovision.eu\/en\/wp-json\/wp\/v2\/media\/11971"}],"wp:attachment":[{"href":"https:\/\/fotovision.eu\/en\/wp-json\/wp\/v2\/media?parent=11965"}],"wp:term":[{"taxonomy":"product_brand","embeddable":true,"href":"https:\/\/fotovision.eu\/en\/wp-json\/wp\/v2\/product_brand?post=11965"},{"taxonomy":"product_cat","embeddable":true,"href":"https:\/\/fotovision.eu\/en\/wp-json\/wp\/v2\/product_cat?post=11965"},{"taxonomy":"product_tag","embeddable":true,"href":"https:\/\/fotovision.eu\/en\/wp-json\/wp\/v2\/product_tag?post=11965"}],"curies":[{"name":"wp","href":"https:\/\/api.w.org\/{rel}","templated":true}]}}