{"id":12066,"date":"2022-03-30T09:53:09","date_gmt":"2022-03-30T08:53:09","guid":{"rendered":"https:\/\/fotovision.eu\/?post_type=product&#038;p=12066"},"modified":"2022-04-10T09:12:51","modified_gmt":"2022-04-10T08:12:51","slug":"v22-hullam","status":"publish","type":"product","link":"https:\/\/fotovision.eu\/en\/termekek\/sajtofalak\/v22-hullam\/","title":{"rendered":"V22 wave"},"content":{"rendered":"<p>The wave wall is a multifunctional promotional product. It is characterized by modern, innovative design, light weight and excellent quality. Another advantage is quick and easy assembly. The fabric fits perfectly into the structure, without wrinkles and waves.<\/p>\n<p>The frame consists of aluminum tubes connected by special clips. The elements connect intuitively and without tools. After the whole structure is built, we get a smooth surface \u2014 the surface of the material will be uniform.<\/p>\n<p>The material is polyester fabric, on which the graphics you envision will be placed. Multiple washes and ironing do not change color saturation or fabric quality.<\/p>\n<p>Modern design, full-size printing, quick and easy assembly and the perfect quality of the frame with perfectly tailored fabric are the unquestionable advantages of the product. The wave wall can be used for many things due to the form of a promotional tool.<\/p>\n<p>A small, aesthetic carrying case is added to the entire display system.<\/p>\n<p><strong>Available sizes:<\/strong><\/p>\n<p>width: 300\/600 cm<\/p>\n<p>height: 235 cm<\/p>\n<p>depth: 45\/85 cm<\/p>\n<p><strong>Raw materials:<\/strong><\/p>\n<p>aluminum<\/p>\n<p>polyester<\/p>","protected":false},"excerpt":{"rendered":"<p><a href=\"\/wp-content\/uploads\/teritekrajz\/v22hullam.pdf\" target=\"_blank\" rel=\"noopener\"><\/p>\n<div class=\"md-icon-wrap\"><i class=\"material-icons-outlined md-picture_as_pdf\" data-md-icon=\"picture_as_pdf\"><\/i><\/div>\n<p><strong>Download a layout <\/strong><\/a><\/p>\n<table>\n<thead>\n<tr>\n<td><img decoding=\"async\" title=\"Quick and easy assembly\" src=\"https:\/\/fotovision.eu\/wp-content\/uploads\/ora.svg\" alt=\"Gyors \u00f6ssze\u00e1ll\u00edt\u00e1s\" width=\"60\" height=\"60\" \/><\/td>\n<td><img decoding=\"async\" title=\"Light weight\" src=\"https:\/\/fotovision.eu\/wp-content\/uploads\/suly.svg\" alt=\"K\u00f6nny\u0171 s\u00faly\" width=\"60\" height=\"60\" \/><\/td>\n<td><img decoding=\"async\" title=\"Can be assembled without mounting\" src=\"https:\/\/fotovision.eu\/wp-content\/uploads\/szereles.svg\" alt=\"Szerel\u00e9s n\u00e9lk\u00fcl \u00f6ssze\u00e1ll\u00edthat\u00f3\" width=\"60\" height=\"60\" \/><\/td>\n<td><img loading=\"lazy\" decoding=\"async\" title=\"Extended warranty\" src=\"https:\/\/fotovision.eu\/wp-content\/uploads\/pipa.svg\" alt=\"Kiterjesztett garancia\" width=\"60\" height=\"60\" \/><\/td>\n<\/tr>\n<\/thead>\n<\/table>\n<p> <a class=\"more-link\" href=\"https:\/\/fotovision.eu\/en\/termekek\/sajtofalak\/v22-hullam\/\">Read more<\/a><\/p>","protected":false},"featured_media":12067,"template":"","meta":[],"product_brand":[],"product_cat":[54],"product_tag":[],"class_list":{"0":"post-12066","1":"product","2":"type-product","3":"status-publish","4":"has-post-thumbnail","6":"product_cat-sajtofalak","8":"first","9":"instock","10":"sold-individually","11":"shipping-taxable","12":"product-type-simple"},"_links":{"self":[{"href":"https:\/\/fotovision.eu\/en\/wp-json\/wp\/v2\/product\/12066","targetHints":{"allow":["GET"]}}],"collection":[{"href":"https:\/\/fotovision.eu\/en\/wp-json\/wp\/v2\/product"}],"about":[{"href":"https:\/\/fotovision.eu\/en\/wp-json\/wp\/v2\/types\/product"}],"version-history":[{"count":0,"href":"https:\/\/fotovision.eu\/en\/wp-json\/wp\/v2\/product\/12066\/revisions"}],"wp:featuredmedia":[{"embeddable":true,"href":"https:\/\/fotovision.eu\/en\/wp-json\/wp\/v2\/media\/12067"}],"wp:attachment":[{"href":"https:\/\/fotovision.eu\/en\/wp-json\/wp\/v2\/media?parent=12066"}],"wp:term":[{"taxonomy":"product_brand","embeddable":true,"href":"https:\/\/fotovision.eu\/en\/wp-json\/wp\/v2\/product_brand?post=12066"},{"taxonomy":"product_cat","embeddable":true,"href":"https:\/\/fotovision.eu\/en\/wp-json\/wp\/v2\/product_cat?post=12066"},{"taxonomy":"product_tag","embeddable":true,"href":"https:\/\/fotovision.eu\/en\/wp-json\/wp\/v2\/product_tag?post=12066"}],"curies":[{"name":"wp","href":"https:\/\/api.w.org\/{rel}","templated":true}]}}