{"id":12070,"date":"2022-03-30T09:55:13","date_gmt":"2022-03-30T08:55:13","guid":{"rendered":"https:\/\/fotovision.eu\/?post_type=product&#038;p=12070"},"modified":"2022-03-30T09:59:47","modified_gmt":"2022-03-30T08:59:47","slug":"w01-okosfal-ivelt-3x3-4x3","status":"publish","type":"product","link":"https:\/\/fotovision.eu\/en\/termekek\/sajtofalak\/w01-okosfal-ivelt-3x3-4x3\/","title":{"rendered":"W01 curved smart wall 3\u00d73 \/ 4\u00d73"},"content":{"rendered":"<div class=\"collapsible-body\">\n<p>It consists of a lightweight, self-locking frame. Magnetic rods simplify the construction of the installation. The fabric fits perfectly on the frame without wrinkles and waves. It has a heat-laminated and light-blocking print on both sides.<br \/>\nWe add a small, aesthetic carrying case to the entire display system that can even be used as a supplier.<\/p>\n<p><strong>Dimensions (3\u00d73):<\/strong><br \/>\nwidth: 260 cm<br \/>\nheight: 238 cm<\/p>\n<p><strong>Dimensions (4\u00d73):<\/strong><br \/>\nwidth: 315 cm<br \/>\nheight: 238 cm<\/p>\n<p><strong>Raw materials:<\/strong><br \/>\naluminum, magnet, paper, laminated cover, durable plastic<\/p>\n<\/div>","protected":false},"excerpt":{"rendered":"<p>K\u00f6nny\u0171, \u00f6nz\u00e1r\u00f3 v\u00e1zszerkezetb\u0151l \u00e1ll. M\u00e1gneses rudak egyszer\u0171s\u00edtik meg az install\u00e1ci\u00f3&hellip;<\/p>\n<p> <a class=\"more-link\" href=\"https:\/\/fotovision.eu\/en\/termekek\/sajtofalak\/w01-okosfal-ivelt-3x3-4x3\/\">Read more<\/a><\/p>","protected":false},"featured_media":12071,"template":"","meta":[],"product_brand":[],"product_cat":[54],"product_tag":[],"class_list":{"0":"post-12070","1":"product","2":"type-product","3":"status-publish","4":"has-post-thumbnail","6":"product_cat-sajtofalak","8":"first","9":"instock","10":"sold-individually","11":"shipping-taxable","12":"product-type-simple"},"_links":{"self":[{"href":"https:\/\/fotovision.eu\/en\/wp-json\/wp\/v2\/product\/12070","targetHints":{"allow":["GET"]}}],"collection":[{"href":"https:\/\/fotovision.eu\/en\/wp-json\/wp\/v2\/product"}],"about":[{"href":"https:\/\/fotovision.eu\/en\/wp-json\/wp\/v2\/types\/product"}],"version-history":[{"count":0,"href":"https:\/\/fotovision.eu\/en\/wp-json\/wp\/v2\/product\/12070\/revisions"}],"wp:featuredmedia":[{"embeddable":true,"href":"https:\/\/fotovision.eu\/en\/wp-json\/wp\/v2\/media\/12071"}],"wp:attachment":[{"href":"https:\/\/fotovision.eu\/en\/wp-json\/wp\/v2\/media?parent=12070"}],"wp:term":[{"taxonomy":"product_brand","embeddable":true,"href":"https:\/\/fotovision.eu\/en\/wp-json\/wp\/v2\/product_brand?post=12070"},{"taxonomy":"product_cat","embeddable":true,"href":"https:\/\/fotovision.eu\/en\/wp-json\/wp\/v2\/product_cat?post=12070"},{"taxonomy":"product_tag","embeddable":true,"href":"https:\/\/fotovision.eu\/en\/wp-json\/wp\/v2\/product_tag?post=12070"}],"curies":[{"name":"wp","href":"https:\/\/api.w.org\/{rel}","templated":true}]}}