{"id":12074,"date":"2022-03-30T10:08:46","date_gmt":"2022-03-30T09:08:46","guid":{"rendered":"https:\/\/fotovision.eu\/?post_type=product&#038;p=12074"},"modified":"2022-03-30T10:09:31","modified_gmt":"2022-03-30T09:09:31","slug":"w03-l-fal","status":"publish","type":"product","link":"https:\/\/fotovision.eu\/en\/termekek\/sajtofalak\/w03-l-fal\/","title":{"rendered":"W03 L fal"},"content":{"rendered":"<div class=\"collapsible-body\">\n<p>K\u00f6nny\u0171 \u00e9s stabil szerkezet. \u00dcvegsz\u00e1las rudak vannak benne. Gyors \u00e9s egyszer\u0171 install\u00e1ci\u00f3, ami \u00f6ssze\u00e1ll\u00edthat\u00f3 szersz\u00e1mok n\u00e9lk\u00fcl. A sz\u00f6vet t\u00f6k\u00e9letesen illeszkedik a v\u00e1zra, r\u00e1ncok \u00e9s hull\u00e1mok n\u00e9lk\u00fcl. H\u0151lamin\u00e1lt \u00e9s f\u00e9nyblokkol\u00f3 nyomat van mindk\u00e9t oldal\u00e1n.<br \/>\nAz eg\u00e9sz display rendszerhez egy praktikus \u00e9s tart\u00f3s hordoz\u00f3t\u00e1sk\u00e1t adunk.<\/p>\n<p><strong>Size:<\/strong><br \/>\nwidth: 200 cm<br \/>\nheight: 204 cm<\/p>\n<p><strong>Raw materials:<\/strong><br \/>\nalum\u00ednium, ac\u00e9l, transzparens<\/p>\n<\/div>","protected":false},"excerpt":{"rendered":"<p>K\u00f6nny\u0171 \u00e9s stabil szerkezet. \u00dcvegsz\u00e1las rudak vannak benne. Gyors \u00e9s&hellip;<\/p>\n<p> <a class=\"more-link\" href=\"https:\/\/fotovision.eu\/en\/termekek\/sajtofalak\/w03-l-fal\/\">Read more<\/a><\/p>","protected":false},"featured_media":12075,"template":"","meta":[],"product_brand":[],"product_cat":[54],"product_tag":[],"class_list":{"0":"post-12074","1":"product","2":"type-product","3":"status-publish","4":"has-post-thumbnail","6":"product_cat-sajtofalak","8":"first","9":"instock","10":"sold-individually","11":"shipping-taxable","12":"product-type-simple"},"_links":{"self":[{"href":"https:\/\/fotovision.eu\/en\/wp-json\/wp\/v2\/product\/12074","targetHints":{"allow":["GET"]}}],"collection":[{"href":"https:\/\/fotovision.eu\/en\/wp-json\/wp\/v2\/product"}],"about":[{"href":"https:\/\/fotovision.eu\/en\/wp-json\/wp\/v2\/types\/product"}],"version-history":[{"count":0,"href":"https:\/\/fotovision.eu\/en\/wp-json\/wp\/v2\/product\/12074\/revisions"}],"wp:featuredmedia":[{"embeddable":true,"href":"https:\/\/fotovision.eu\/en\/wp-json\/wp\/v2\/media\/12075"}],"wp:attachment":[{"href":"https:\/\/fotovision.eu\/en\/wp-json\/wp\/v2\/media?parent=12074"}],"wp:term":[{"taxonomy":"product_brand","embeddable":true,"href":"https:\/\/fotovision.eu\/en\/wp-json\/wp\/v2\/product_brand?post=12074"},{"taxonomy":"product_cat","embeddable":true,"href":"https:\/\/fotovision.eu\/en\/wp-json\/wp\/v2\/product_cat?post=12074"},{"taxonomy":"product_tag","embeddable":true,"href":"https:\/\/fotovision.eu\/en\/wp-json\/wp\/v2\/product_tag?post=12074"}],"curies":[{"name":"wp","href":"https:\/\/api.w.org\/{rel}","templated":true}]}}