{"id":12076,"date":"2022-03-30T10:09:52","date_gmt":"2022-03-30T09:09:52","guid":{"rendered":"https:\/\/fotovision.eu\/?post_type=product&#038;p=12076"},"modified":"2022-03-30T10:11:29","modified_gmt":"2022-03-30T09:11:29","slug":"v06-pop-up-fal-3x3-4x3-egyenes-ivelt","status":"publish","type":"product","link":"https:\/\/fotovision.eu\/en\/termekek\/sajtofalak\/v06-pop-up-fal-3x3-4x3-egyenes-ivelt\/","title":{"rendered":"V06 pop up wall 3 \u00d7 3\/4 \u00d7 3, STRAIGHT \/ CURVED"},"content":{"rendered":"<div class=\"collapsible-body\">\n<p>Lightweight and stable construction with auxiliary legs. Quick and easy installation that can be assembled without tools. The fabric fits perfectly on the frame without wrinkles and waves.<br \/>\nAz eg\u00e9sz display rendszerhez egy praktikus \u00e9s kerekes k\u00e9zit\u00e1sk\u00e1t adunk.<\/p>\n<p><strong>Dimensions (straight 3 \u00d7 3):<\/strong><br \/>\nwidth: 225 cm<br \/>\nheight: 225 cm<br \/>\ndepth: 34 cm<\/p>\n<p><strong>Dimensions (straight 4 \u00d7 3):<\/strong><br \/>\nwidth: 300 cm<br \/>\nheight: 225 cm<br \/>\ndepth: 34 cm<\/p>\n<p><strong>Dimensions (curved 3 \u00d7 3):<\/strong><br \/>\nwidth: 225 cm<br \/>\nheight: 225 cm<br \/>\ndepth: 52 cm<\/p>\n<p><strong>Dimensions (curved 4 \u00d7 3):<\/strong><br \/>\nwidth: 300 cm<br \/>\nheight: 225 cm<br \/>\ndepth: 52 cm<\/p>\n<p><strong>Raw materials:<\/strong><br \/>\naluminum, polyester<\/p>\n<\/div>","protected":false},"excerpt":{"rendered":"<p>K\u00f6nny\u0171 \u00e9s stabil szerkezet, seg\u00e9dl\u00e1bakkal. Gyors \u00e9s egyszer\u0171 install\u00e1ci\u00f3, ami&hellip;<\/p>\n<p> <a class=\"more-link\" href=\"https:\/\/fotovision.eu\/en\/termekek\/sajtofalak\/v06-pop-up-fal-3x3-4x3-egyenes-ivelt\/\">Read more<\/a><\/p>","protected":false},"featured_media":12077,"template":"","meta":[],"product_brand":[],"product_cat":[54],"product_tag":[],"class_list":{"0":"post-12076","1":"product","2":"type-product","3":"status-publish","4":"has-post-thumbnail","6":"product_cat-sajtofalak","8":"first","9":"instock","10":"sold-individually","11":"shipping-taxable","12":"product-type-simple"},"_links":{"self":[{"href":"https:\/\/fotovision.eu\/en\/wp-json\/wp\/v2\/product\/12076","targetHints":{"allow":["GET"]}}],"collection":[{"href":"https:\/\/fotovision.eu\/en\/wp-json\/wp\/v2\/product"}],"about":[{"href":"https:\/\/fotovision.eu\/en\/wp-json\/wp\/v2\/types\/product"}],"version-history":[{"count":0,"href":"https:\/\/fotovision.eu\/en\/wp-json\/wp\/v2\/product\/12076\/revisions"}],"wp:featuredmedia":[{"embeddable":true,"href":"https:\/\/fotovision.eu\/en\/wp-json\/wp\/v2\/media\/12077"}],"wp:attachment":[{"href":"https:\/\/fotovision.eu\/en\/wp-json\/wp\/v2\/media?parent=12076"}],"wp:term":[{"taxonomy":"product_brand","embeddable":true,"href":"https:\/\/fotovision.eu\/en\/wp-json\/wp\/v2\/product_brand?post=12076"},{"taxonomy":"product_cat","embeddable":true,"href":"https:\/\/fotovision.eu\/en\/wp-json\/wp\/v2\/product_cat?post=12076"},{"taxonomy":"product_tag","embeddable":true,"href":"https:\/\/fotovision.eu\/en\/wp-json\/wp\/v2\/product_tag?post=12076"}],"curies":[{"name":"wp","href":"https:\/\/api.w.org\/{rel}","templated":true}]}}