{"id":12081,"date":"2022-03-30T10:18:01","date_gmt":"2022-03-30T09:18:01","guid":{"rendered":"https:\/\/fotovision.eu\/?post_type=product&#038;p=12081"},"modified":"2022-03-30T10:18:46","modified_gmt":"2022-03-30T09:18:46","slug":"k04-fotovision-fal-k06-fal-lite","status":"publish","type":"product","link":"https:\/\/fotovision.eu\/en\/termekek\/sajtofalak\/k04-fotovision-fal-k06-fal-lite\/","title":{"rendered":"K04 fotovision wall \/ K06 \u2013 wall lite"},"content":{"rendered":"<div class=\"collapsible-body\">\n<p>Fotovision Narrow Wall is a multi-functional promotional product. It is characterized by modern, innovative design, light weight and excellent quality. Another advantage is the quick and easy assembly with a tool. The fabric fits perfectly into the structure without wrinkles and waves.<br \/>\nIt is possible to connect several modules.<br \/>\nThe material is polyester fabric, on which the graphics you envision will be placed. Multiple washes and ironing do not change color saturation or fabric quality.<\/p>\n<p><strong>Sample product sizes:<\/strong><br \/>\nwidth: 200 cm<br \/>\nheight: 200 cm<br \/>\ndepth: 3.5 cm \/ 1.5 cm<\/p>\n<p><strong>Raw materials:<\/strong><br \/>\naluminum, polyester, LED<\/p>\n<\/div>","protected":false},"excerpt":{"rendered":"<p>A Fotovision keskeny fal t\u00f6bb funkci\u00f3s prom\u00f3ci\u00f3s term\u00e9k. Modern, innovat\u00edv&hellip;<\/p>\n<p> <a class=\"more-link\" href=\"https:\/\/fotovision.eu\/en\/termekek\/sajtofalak\/k04-fotovision-fal-k06-fal-lite\/\">Read more<\/a><\/p>","protected":false},"featured_media":12080,"template":"","meta":[],"product_brand":[],"product_cat":[54],"product_tag":[],"class_list":{"0":"post-12081","1":"product","2":"type-product","3":"status-publish","4":"has-post-thumbnail","6":"product_cat-sajtofalak","8":"first","9":"instock","10":"sold-individually","11":"shipping-taxable","12":"product-type-simple"},"_links":{"self":[{"href":"https:\/\/fotovision.eu\/en\/wp-json\/wp\/v2\/product\/12081","targetHints":{"allow":["GET"]}}],"collection":[{"href":"https:\/\/fotovision.eu\/en\/wp-json\/wp\/v2\/product"}],"about":[{"href":"https:\/\/fotovision.eu\/en\/wp-json\/wp\/v2\/types\/product"}],"version-history":[{"count":0,"href":"https:\/\/fotovision.eu\/en\/wp-json\/wp\/v2\/product\/12081\/revisions"}],"wp:featuredmedia":[{"embeddable":true,"href":"https:\/\/fotovision.eu\/en\/wp-json\/wp\/v2\/media\/12080"}],"wp:attachment":[{"href":"https:\/\/fotovision.eu\/en\/wp-json\/wp\/v2\/media?parent=12081"}],"wp:term":[{"taxonomy":"product_brand","embeddable":true,"href":"https:\/\/fotovision.eu\/en\/wp-json\/wp\/v2\/product_brand?post=12081"},{"taxonomy":"product_cat","embeddable":true,"href":"https:\/\/fotovision.eu\/en\/wp-json\/wp\/v2\/product_cat?post=12081"},{"taxonomy":"product_tag","embeddable":true,"href":"https:\/\/fotovision.eu\/en\/wp-json\/wp\/v2\/product_tag?post=12081"}],"curies":[{"name":"wp","href":"https:\/\/api.w.org\/{rel}","templated":true}]}}