{"id":12116,"date":"2022-03-30T10:50:28","date_gmt":"2022-03-30T09:50:28","guid":{"rendered":"https:\/\/fotovision.eu\/?post_type=product&#038;p=12116"},"modified":"2022-04-10T08:12:00","modified_gmt":"2022-04-10T07:12:00","slug":"v28-ivelt-x","status":"publish","type":"product","link":"https:\/\/fotovision.eu\/en\/termekek\/kulonleges-hatterfalak\/v28-ivelt-x\/","title":{"rendered":"V28 curved X"},"content":{"rendered":"<p>Our exhibition system called Foto Vision Curved X is a multifunctional promotional product. It is characterized by modern, innovative design, light weight and excellent quality. Another advantage is the quick and easy assembly. The fabric fits perfectly into the structure without wrinkles and waves.<\/p>\n<p>The frame consists of aluminum tubes connected by special clips. The elements connect intuitively and without tools. After building the whole structure, we get a smooth surface - the surface of the material will be uniform.<\/p>\n<p>The material is polyester fabric, on which the graphics you envision will be placed. Multiple washes and ironing do not change color saturation or fabric quality.<\/p>\n<p>We add a small, aesthetic carrying case to the entire display system.<\/p>\n<p><strong>Size:<\/strong><\/p>\n<p>width: 260 cm<\/p>\n<p>height: 240 cm<\/p>\n<p>depth: 40 cm<\/p>\n<p><strong>Raw materials:<\/strong><\/p>\n<p>aluminum<\/p>\n<p>polyester<\/p>","protected":false},"excerpt":{"rendered":"<p><a href=\"\/wp-content\/uploads\/teritekrajz\/v28iveltx.pdf\" target=\"_blank\" rel=\"noopener\"><\/p>\n<div class=\"md-icon-wrap\"><i class=\"material-icons-outlined md-picture_as_pdf\" data-md-icon=\"picture_as_pdf\"><\/i><\/div>\n<p><strong>Download a layout <\/strong><\/a><\/p>\n<table>\n<thead>\n<tr>\n<td><img decoding=\"async\" title=\"Quick and easy assembly\" src=\"https:\/\/fotovision.eu\/wp-content\/uploads\/ora.svg\" alt=\"Gyors \u00f6ssze\u00e1ll\u00edt\u00e1s\" width=\"60\" height=\"60\" \/><\/td>\n<td><img decoding=\"async\" title=\"Light weight\" src=\"https:\/\/fotovision.eu\/wp-content\/uploads\/suly.svg\" alt=\"K\u00f6nny\u0171 s\u00faly\" width=\"60\" height=\"60\" \/><\/td>\n<td><img decoding=\"async\" title=\"Can be assembled without mounting\" src=\"https:\/\/fotovision.eu\/wp-content\/uploads\/szereles.svg\" alt=\"Szerel\u00e9s n\u00e9lk\u00fcl \u00f6ssze\u00e1ll\u00edthat\u00f3\" width=\"60\" height=\"60\" \/><\/td>\n<td><img loading=\"lazy\" decoding=\"async\" title=\"Extended warranty\" src=\"https:\/\/fotovision.eu\/wp-content\/uploads\/pipa.svg\" alt=\"Kiterjesztett garancia\" width=\"60\" height=\"60\" \/><\/td>\n<\/tr>\n<\/thead>\n<\/table>\n<p> <a class=\"more-link\" href=\"https:\/\/fotovision.eu\/en\/termekek\/kulonleges-hatterfalak\/v28-ivelt-x\/\">Read more<\/a><\/p>","protected":false},"featured_media":12117,"template":"","meta":[],"product_brand":[],"product_cat":[55],"product_tag":[],"class_list":{"0":"post-12116","1":"product","2":"type-product","3":"status-publish","4":"has-post-thumbnail","6":"product_cat-kulonleges-hatterfalak","8":"first","9":"instock","10":"sold-individually","11":"shipping-taxable","12":"product-type-simple"},"_links":{"self":[{"href":"https:\/\/fotovision.eu\/en\/wp-json\/wp\/v2\/product\/12116","targetHints":{"allow":["GET"]}}],"collection":[{"href":"https:\/\/fotovision.eu\/en\/wp-json\/wp\/v2\/product"}],"about":[{"href":"https:\/\/fotovision.eu\/en\/wp-json\/wp\/v2\/types\/product"}],"version-history":[{"count":0,"href":"https:\/\/fotovision.eu\/en\/wp-json\/wp\/v2\/product\/12116\/revisions"}],"wp:featuredmedia":[{"embeddable":true,"href":"https:\/\/fotovision.eu\/en\/wp-json\/wp\/v2\/media\/12117"}],"wp:attachment":[{"href":"https:\/\/fotovision.eu\/en\/wp-json\/wp\/v2\/media?parent=12116"}],"wp:term":[{"taxonomy":"product_brand","embeddable":true,"href":"https:\/\/fotovision.eu\/en\/wp-json\/wp\/v2\/product_brand?post=12116"},{"taxonomy":"product_cat","embeddable":true,"href":"https:\/\/fotovision.eu\/en\/wp-json\/wp\/v2\/product_cat?post=12116"},{"taxonomy":"product_tag","embeddable":true,"href":"https:\/\/fotovision.eu\/en\/wp-json\/wp\/v2\/product_tag?post=12116"}],"curies":[{"name":"wp","href":"https:\/\/api.w.org\/{rel}","templated":true}]}}