{"id":12146,"date":"2022-03-30T12:57:45","date_gmt":"2022-03-30T11:57:45","guid":{"rendered":"https:\/\/fotovision.eu\/?post_type=product&#038;p=12146"},"modified":"2022-03-30T12:58:33","modified_gmt":"2022-03-30T11:58:33","slug":"v36-szogletes-kapu","status":"publish","type":"product","link":"https:\/\/fotovision.eu\/en\/termekek\/kapuk\/v36-szogletes-kapu\/","title":{"rendered":"V36 square gate"},"content":{"rendered":"<div class=\"collapsible-body\">\n<p>Our Foto Vision Gate product is a multifunctional promotional product. It is characterized by modern, innovative design, light weight and excellent quality. Another advantage is the quick and easy assembly. The fabric fits perfectly into the structure without wrinkles and waves.<\/p>\n<p>The frame consists of aluminum tubes connected by special clips. The elements connect intuitively and without tools. After building the whole structure, we get a smooth surface - the surface of the material will be uniform.<\/p>\n<p>The material is polyester fabric, on which the graphics you envision will be placed. Multiple washes and ironing do not change color saturation or fabric quality.<\/p>\n<p>We add a small, aesthetic carrying case to the entire display system.<\/p>\n<p><strong>Size:<\/strong><br \/>\nwidth: 100 cm<br \/>\nheight: 240 cm<br \/>\ndepth: 300 cm<\/p>\n<p><strong>Raw materials:<\/strong><br \/>\naluminum, polyester<\/p>\n<\/div>","protected":false},"excerpt":{"rendered":"<p>A Foto Vision Kapu term\u00e9k\u00fcnk egy t\u00f6bbfunkci\u00f3s prom\u00f3ci\u00f3s term\u00e9k. Modern,&hellip;<\/p>\n<p> <a class=\"more-link\" href=\"https:\/\/fotovision.eu\/en\/termekek\/kapuk\/v36-szogletes-kapu\/\">Read more<\/a><\/p>","protected":false},"featured_media":12147,"template":"","meta":[],"product_brand":[],"product_cat":[56],"product_tag":[],"class_list":{"0":"post-12146","1":"product","2":"type-product","3":"status-publish","4":"has-post-thumbnail","6":"product_cat-kapuk","8":"first","9":"instock","10":"sold-individually","11":"shipping-taxable","12":"product-type-simple"},"_links":{"self":[{"href":"https:\/\/fotovision.eu\/en\/wp-json\/wp\/v2\/product\/12146","targetHints":{"allow":["GET"]}}],"collection":[{"href":"https:\/\/fotovision.eu\/en\/wp-json\/wp\/v2\/product"}],"about":[{"href":"https:\/\/fotovision.eu\/en\/wp-json\/wp\/v2\/types\/product"}],"version-history":[{"count":0,"href":"https:\/\/fotovision.eu\/en\/wp-json\/wp\/v2\/product\/12146\/revisions"}],"wp:featuredmedia":[{"embeddable":true,"href":"https:\/\/fotovision.eu\/en\/wp-json\/wp\/v2\/media\/12147"}],"wp:attachment":[{"href":"https:\/\/fotovision.eu\/en\/wp-json\/wp\/v2\/media?parent=12146"}],"wp:term":[{"taxonomy":"product_brand","embeddable":true,"href":"https:\/\/fotovision.eu\/en\/wp-json\/wp\/v2\/product_brand?post=12146"},{"taxonomy":"product_cat","embeddable":true,"href":"https:\/\/fotovision.eu\/en\/wp-json\/wp\/v2\/product_cat?post=12146"},{"taxonomy":"product_tag","embeddable":true,"href":"https:\/\/fotovision.eu\/en\/wp-json\/wp\/v2\/product_tag?post=12146"}],"curies":[{"name":"wp","href":"https:\/\/api.w.org\/{rel}","templated":true}]}}