{"id":12164,"date":"2022-03-30T13:19:26","date_gmt":"2022-03-30T12:19:26","guid":{"rendered":"https:\/\/fotovision.eu\/?post_type=product&#038;p=12164"},"modified":"2022-03-30T13:21:45","modified_gmt":"2022-03-30T12:21:45","slug":"v39-fotovision-korona","status":"publish","type":"product","link":"https:\/\/fotovision.eu\/en\/termekek\/koronak\/v39-fotovision-korona\/","title":{"rendered":"V39 fotovision crown"},"content":{"rendered":"<div class=\"collapsible-body\">\n<p>The FotoVision crown is a multi-functional promotional product. Its main features are modern design, light frame structure, single or double-sided printing, quick and easy installation, multiple usability, small carrying case, up to 1440 dpi print quality and washability at up to 30 \u00b0 C.<br \/>\nThe frame consists of aluminum tubes connected by special clips. The elements connect intuitively and without tools. After building the whole structure, we get a smooth surface - the surface of the material will be uniform. The material is polyester fabric, on which the graphics you envision will be placed.<br \/>\nMultiple washes and ironing do not change color saturation or fabric quality.<br \/>\nWe add a small, aesthetic carrying case to the entire display system.<\/p>\n<p><strong>Size:<\/strong><br \/>\nwidth: 290 cm<br \/>\nheight: 400 cm<br \/>\ndepth: 40 cm<\/p>\n<p><strong>Anyagok:<\/strong><br \/>\naluminum, polyester<\/p>\n<\/div>","protected":false},"excerpt":{"rendered":"<p>A FotoVision korona t\u00f6bb funkci\u00f3s prom\u00f3ci\u00f3s term\u00e9k.F\u0151bb jellemz\u0151i a modern&hellip;<\/p>\n<p> <a class=\"more-link\" href=\"https:\/\/fotovision.eu\/en\/termekek\/koronak\/v39-fotovision-korona\/\">Read more<\/a><\/p>","protected":false},"featured_media":12166,"template":"","meta":[],"product_brand":[],"product_cat":[57],"product_tag":[],"class_list":{"0":"post-12164","1":"product","2":"type-product","3":"status-publish","4":"has-post-thumbnail","6":"product_cat-koronak","8":"first","9":"instock","10":"sold-individually","11":"shipping-taxable","12":"product-type-simple"},"_links":{"self":[{"href":"https:\/\/fotovision.eu\/en\/wp-json\/wp\/v2\/product\/12164","targetHints":{"allow":["GET"]}}],"collection":[{"href":"https:\/\/fotovision.eu\/en\/wp-json\/wp\/v2\/product"}],"about":[{"href":"https:\/\/fotovision.eu\/en\/wp-json\/wp\/v2\/types\/product"}],"version-history":[{"count":0,"href":"https:\/\/fotovision.eu\/en\/wp-json\/wp\/v2\/product\/12164\/revisions"}],"wp:featuredmedia":[{"embeddable":true,"href":"https:\/\/fotovision.eu\/en\/wp-json\/wp\/v2\/media\/12166"}],"wp:attachment":[{"href":"https:\/\/fotovision.eu\/en\/wp-json\/wp\/v2\/media?parent=12164"}],"wp:term":[{"taxonomy":"product_brand","embeddable":true,"href":"https:\/\/fotovision.eu\/en\/wp-json\/wp\/v2\/product_brand?post=12164"},{"taxonomy":"product_cat","embeddable":true,"href":"https:\/\/fotovision.eu\/en\/wp-json\/wp\/v2\/product_cat?post=12164"},{"taxonomy":"product_tag","embeddable":true,"href":"https:\/\/fotovision.eu\/en\/wp-json\/wp\/v2\/product_tag?post=12164"}],"curies":[{"name":"wp","href":"https:\/\/api.w.org\/{rel}","templated":true}]}}