{"id":12167,"date":"2022-03-30T13:22:01","date_gmt":"2022-03-30T12:22:01","guid":{"rendered":"https:\/\/fotovision.eu\/?post_type=product&#038;p=12167"},"modified":"2022-03-30T13:22:43","modified_gmt":"2022-03-30T12:22:43","slug":"v38-fotovision-kup","status":"publish","type":"product","link":"https:\/\/fotovision.eu\/en\/termekek\/koronak\/v38-fotovision-kup\/","title":{"rendered":"V38 fotovision cone"},"content":{"rendered":"<div class=\"collapsible-body\">\n<p>The Fotovision cone tower is a multi-functional promotional product. It is characterized by modern, innovative design, light weight and excellent quality. Another advantage is the quick and easy assembly. The fabric fits perfectly into the structure without wrinkles and waves.<br \/>\nThe frame consists of aluminum tubes connected by special clips. The elements connect intuitively and without tools. After the whole structure is built, we get a smooth surface \u2014 the surface of the material will be uniform.<br \/>\nThe material is polyester fabric, on which the graphics you envision will be placed. Multiple washes and ironing do not change color saturation or fabric quality.<br \/>\nWe add a small, aesthetic carrying case to the entire display system.<\/p>\n<p><strong>Size:<\/strong><br \/>\nwidth: 100-245 cm<br \/>\nheight: 305 cm<\/p>\n<p><strong>Raw materials:<\/strong><br \/>\naluminum, polyester<\/p>\n<\/div>","protected":false},"excerpt":{"rendered":"<p>A Fotovision k\u00fap torony t\u00f6bb funkci\u00f3s prom\u00f3ci\u00f3s term\u00e9k. Modern, innovat\u00edv&hellip;<\/p>\n<p> <a class=\"more-link\" href=\"https:\/\/fotovision.eu\/en\/termekek\/koronak\/v38-fotovision-kup\/\">Read more<\/a><\/p>","protected":false},"featured_media":12165,"template":"","meta":[],"product_brand":[],"product_cat":[57],"product_tag":[],"class_list":{"0":"post-12167","1":"product","2":"type-product","3":"status-publish","4":"has-post-thumbnail","6":"product_cat-koronak","8":"first","9":"instock","10":"sold-individually","11":"shipping-taxable","12":"product-type-simple"},"_links":{"self":[{"href":"https:\/\/fotovision.eu\/en\/wp-json\/wp\/v2\/product\/12167","targetHints":{"allow":["GET"]}}],"collection":[{"href":"https:\/\/fotovision.eu\/en\/wp-json\/wp\/v2\/product"}],"about":[{"href":"https:\/\/fotovision.eu\/en\/wp-json\/wp\/v2\/types\/product"}],"version-history":[{"count":0,"href":"https:\/\/fotovision.eu\/en\/wp-json\/wp\/v2\/product\/12167\/revisions"}],"wp:featuredmedia":[{"embeddable":true,"href":"https:\/\/fotovision.eu\/en\/wp-json\/wp\/v2\/media\/12165"}],"wp:attachment":[{"href":"https:\/\/fotovision.eu\/en\/wp-json\/wp\/v2\/media?parent=12167"}],"wp:term":[{"taxonomy":"product_brand","embeddable":true,"href":"https:\/\/fotovision.eu\/en\/wp-json\/wp\/v2\/product_brand?post=12167"},{"taxonomy":"product_cat","embeddable":true,"href":"https:\/\/fotovision.eu\/en\/wp-json\/wp\/v2\/product_cat?post=12167"},{"taxonomy":"product_tag","embeddable":true,"href":"https:\/\/fotovision.eu\/en\/wp-json\/wp\/v2\/product_tag?post=12167"}],"curies":[{"name":"wp","href":"https:\/\/api.w.org\/{rel}","templated":true}]}}