{"id":12168,"date":"2022-03-30T13:23:14","date_gmt":"2022-03-30T12:23:14","guid":{"rendered":"https:\/\/fotovision.eu\/?post_type=product&#038;p=12168"},"modified":"2022-03-30T13:24:21","modified_gmt":"2022-03-30T12:24:21","slug":"v35-trifolium-trifolium-maxi","status":"publish","type":"product","link":"https:\/\/fotovision.eu\/en\/termekek\/koronak\/v35-trifolium-trifolium-maxi\/","title":{"rendered":"V35 trifolium \/ trifolium MAXI"},"content":{"rendered":"<div class=\"collapsible-body\">\n<p>Foto Vision dangling (crown) exhibition systems provide a great opportunity for your company to stand out at exhibitions. Their special shape and printing on high-quality textile allows them to attract the attention of customers \/ prospective customers. Key features: quick and easy assembly \/ disassembly thanks to the aluminum frame, collapsible and easy construction, and the ability to replace many different prints with the same frame. The material is polyester fabric, on which the graphics you envision will be placed. Multiple washes and ironing do not change color saturation or fabric quality. The whole system does not require any tools to fit the parts together. We add a small, aesthetic carrying case to the entire display system.<\/p>\n<table>\n<tbody>\n<tr>\n<td>\n<div><strong>Size:<\/strong><\/div>\n<div>width: 250 cm<\/div>\n<div>height: 110 cm<\/div>\n<div>depth: 250 cm<\/div>\n<div>diameter: 300 cm<\/div>\n<\/td>\n<td>\n<div><strong>Size MAXI:<\/strong><\/div>\n<div>width: 330 cm<\/div>\n<div>height: 110 cm<\/div>\n<div>depth: 330 cm<\/div>\n<div>diameter: 400 cm<\/div>\n<\/td>\n<td>\n<div><strong>Raw materials:<\/strong><\/div>\n<div>aluminum, polyester<\/div>\n<\/td>\n<\/tr>\n<\/tbody>\n<\/table>\n<\/div>","protected":false},"excerpt":{"rendered":"<p>A Foto Vision bel\u00f3g\u00f3 (korona) ki\u00e1ll\u00edt\u00e1si rendszerek remek lehet\u0151s\u00e9get adnak&hellip;<\/p>\n<p> <a class=\"more-link\" href=\"https:\/\/fotovision.eu\/en\/termekek\/koronak\/v35-trifolium-trifolium-maxi\/\">Read more<\/a><\/p>","protected":false},"featured_media":12169,"template":"","meta":[],"product_brand":[],"product_cat":[57],"product_tag":[],"class_list":{"0":"post-12168","1":"product","2":"type-product","3":"status-publish","4":"has-post-thumbnail","6":"product_cat-koronak","8":"first","9":"instock","10":"sold-individually","11":"shipping-taxable","12":"product-type-simple"},"_links":{"self":[{"href":"https:\/\/fotovision.eu\/en\/wp-json\/wp\/v2\/product\/12168","targetHints":{"allow":["GET"]}}],"collection":[{"href":"https:\/\/fotovision.eu\/en\/wp-json\/wp\/v2\/product"}],"about":[{"href":"https:\/\/fotovision.eu\/en\/wp-json\/wp\/v2\/types\/product"}],"version-history":[{"count":0,"href":"https:\/\/fotovision.eu\/en\/wp-json\/wp\/v2\/product\/12168\/revisions"}],"wp:featuredmedia":[{"embeddable":true,"href":"https:\/\/fotovision.eu\/en\/wp-json\/wp\/v2\/media\/12169"}],"wp:attachment":[{"href":"https:\/\/fotovision.eu\/en\/wp-json\/wp\/v2\/media?parent=12168"}],"wp:term":[{"taxonomy":"product_brand","embeddable":true,"href":"https:\/\/fotovision.eu\/en\/wp-json\/wp\/v2\/product_brand?post=12168"},{"taxonomy":"product_cat","embeddable":true,"href":"https:\/\/fotovision.eu\/en\/wp-json\/wp\/v2\/product_cat?post=12168"},{"taxonomy":"product_tag","embeddable":true,"href":"https:\/\/fotovision.eu\/en\/wp-json\/wp\/v2\/product_tag?post=12168"}],"curies":[{"name":"wp","href":"https:\/\/api.w.org\/{rel}","templated":true}]}}