{"id":12173,"date":"2022-03-31T07:55:06","date_gmt":"2022-03-31T06:55:06","guid":{"rendered":"https:\/\/fotovision.eu\/?post_type=product&#038;p=12173"},"modified":"2022-04-05T13:38:25","modified_gmt":"2022-04-05T12:38:25","slug":"vt04-gyorskinalo","status":"publish","type":"product","link":"https:\/\/fotovision.eu\/en\/termekek\/asztalok-pultok\/vt04-gyorskinalo\/","title":{"rendered":"VT04 fast counter"},"content":{"rendered":"<div class=\"collapsible-body\">\n<p>Foto Vision is a fast offering with a counter that you can easily transport. Eg at trade fairs e.g. combined with a Foto Vision Wall, we can achieve a very spectacular stand that is guaranteed to attract the attention of visitors. The whole structure has a very stable and intuitive structure. Its advantage is the possibility of versatile use. Thanks to its light weight, the counter can be moved easily. It is especially recommended for hostess companies, e.g. for tasting, product presentation, as the hostesses can easily transport it in hand and the table is ready in 5 seconds.<\/p>\n<p>This technology is printed with environmentally friendly sublimation technology, on a polyester material with the logo and design you specify.<\/p>\n<p>The quick counter is easy to assemble and disassemble.<\/p>\n<p><strong>Available sizes:\u00a0<\/strong><\/p>\n<p>width: 70 cm<\/p>\n<p>height: 90 cm<\/p>\n<p>depth: 40 cm<\/p>\n<p><strong>Raw materials:<\/strong><\/p>\n<p>aluminum<\/p>\n<p>polyester<\/p>\n<\/div>","protected":false},"excerpt":{"rendered":"<p><a href=\"\/wp-content\/uploads\/teritekrajz\/vt04gyorskinalo.pdf\" target=\"_blank\" rel=\"noopener\"><\/p>\n<div class=\"md-icon-wrap\"><i class=\"material-icons-outlined md-picture_as_pdf\" data-md-icon=\"picture_as_pdf\"><\/i><\/div>\n<p><strong>Download a layout <\/strong><\/a><\/p>\n<table>\n<thead>\n<tr>\n<td><img decoding=\"async\" title=\"Quick and easy assembly\" src=\"https:\/\/fotovision.eu\/wp-content\/uploads\/ora.svg\" alt=\"Gyors \u00f6ssze\u00e1ll\u00edt\u00e1s\" width=\"60\" height=\"60\" \/><\/td>\n<td><img decoding=\"async\" title=\"Light weight\" src=\"https:\/\/fotovision.eu\/wp-content\/uploads\/suly.svg\" alt=\"K\u00f6nny\u0171 s\u00faly\" width=\"60\" height=\"60\" \/><\/td>\n<td><img decoding=\"async\" title=\"Can be assembled without mounting\" src=\"https:\/\/fotovision.eu\/wp-content\/uploads\/szereles.svg\" alt=\"Szerel\u00e9s n\u00e9lk\u00fcl \u00f6ssze\u00e1ll\u00edthat\u00f3\" width=\"60\" height=\"60\" \/><\/td>\n<td><img loading=\"lazy\" decoding=\"async\" title=\"Extended warranty\" src=\"https:\/\/fotovision.eu\/wp-content\/uploads\/pipa.svg\" alt=\"Kiterjesztett garancia\" width=\"60\" height=\"60\" \/><\/td>\n<\/tr>\n<\/thead>\n<\/table>\n<p> <a class=\"more-link\" href=\"https:\/\/fotovision.eu\/en\/termekek\/asztalok-pultok\/vt04-gyorskinalo\/\">Read more<\/a><\/p>","protected":false},"featured_media":12174,"template":"","meta":[],"product_brand":[],"product_cat":[58],"product_tag":[],"class_list":{"0":"post-12173","1":"product","2":"type-product","3":"status-publish","4":"has-post-thumbnail","6":"product_cat-asztalok-pultok","8":"first","9":"instock","10":"featured","11":"sold-individually","12":"shipping-taxable","13":"product-type-simple"},"_links":{"self":[{"href":"https:\/\/fotovision.eu\/en\/wp-json\/wp\/v2\/product\/12173","targetHints":{"allow":["GET"]}}],"collection":[{"href":"https:\/\/fotovision.eu\/en\/wp-json\/wp\/v2\/product"}],"about":[{"href":"https:\/\/fotovision.eu\/en\/wp-json\/wp\/v2\/types\/product"}],"version-history":[{"count":0,"href":"https:\/\/fotovision.eu\/en\/wp-json\/wp\/v2\/product\/12173\/revisions"}],"wp:featuredmedia":[{"embeddable":true,"href":"https:\/\/fotovision.eu\/en\/wp-json\/wp\/v2\/media\/12174"}],"wp:attachment":[{"href":"https:\/\/fotovision.eu\/en\/wp-json\/wp\/v2\/media?parent=12173"}],"wp:term":[{"taxonomy":"product_brand","embeddable":true,"href":"https:\/\/fotovision.eu\/en\/wp-json\/wp\/v2\/product_brand?post=12173"},{"taxonomy":"product_cat","embeddable":true,"href":"https:\/\/fotovision.eu\/en\/wp-json\/wp\/v2\/product_cat?post=12173"},{"taxonomy":"product_tag","embeddable":true,"href":"https:\/\/fotovision.eu\/en\/wp-json\/wp\/v2\/product_tag?post=12173"}],"curies":[{"name":"wp","href":"https:\/\/api.w.org\/{rel}","templated":true}]}}