{"id":12192,"date":"2022-03-31T09:10:11","date_gmt":"2022-03-31T08:10:11","guid":{"rendered":"https:\/\/fotovision.eu\/?post_type=product&#038;p=12192"},"modified":"2022-03-31T09:11:27","modified_gmt":"2022-03-31T08:11:27","slug":"s03-felkor-asztal","status":"publish","type":"product","link":"https:\/\/fotovision.eu\/en\/termekek\/asztalok-pultok\/s03-felkor-asztal\/","title":{"rendered":"S03 semicircular table"},"content":{"rendered":"<div class=\"collapsible-body\">\n<p>The semicircular table is a light, compact structure, and we can display our company logo on it on a relatively large surface. Perfect tool e.g. for store tasting, product<\/p>\n<p>Easy to fold and carry in a small bag - can be stored. Due to its compact size and light weight, you can easily move the folded table to another promotional location. The strong aluminum construction and securely mounted wheels allow the stand to move freely. The high-quality raw materials used for the structure and their technical solution ensure the durability of the table and the possibility of versatile use.<\/p>\n<p><strong>Size:<\/strong><\/p>\n<p>Width: 90 cm<\/p>\n<p>Height: 215 cm<\/p>\n<p>Depth: 62 cm<\/p>\n<p>Top board: 90 cm x 30 cm<\/p>\n<p>Table: 90 cm x 60 cm<\/p>\n<p><strong>Raw materials:<\/strong><\/p>\n<p>Aluminum structure<\/p>\n<p>PVC<\/p>\n<p>Furniture sheet<\/p>\n<p>Printable film<\/p>\n<\/div>","protected":false},"excerpt":{"rendered":"<p><a href=\"\/wp-content\/uploads\/teritekrajz\/s03felkorasztal.pdf\" target=\"_blank\" rel=\"noopener\"><\/p>\n<div class=\"md-icon-wrap\"><i class=\"material-icons-outlined md-picture_as_pdf\" data-md-icon=\"picture_as_pdf\"><\/i><\/div>\n<p><strong>Download a layout <\/strong><\/a><\/p>\n<table>\n<thead>\n<tr>\n<td><img decoding=\"async\" title=\"Quick and easy assembly\" src=\"https:\/\/fotovision.eu\/wp-content\/uploads\/ora.svg\" alt=\"Gyors \u00f6ssze\u00e1ll\u00edt\u00e1s\" width=\"60\" height=\"60\" \/><\/td>\n<td><img decoding=\"async\" title=\"Light weight\" src=\"https:\/\/fotovision.eu\/wp-content\/uploads\/suly.svg\" alt=\"K\u00f6nny\u0171 s\u00faly\" width=\"60\" height=\"60\" \/><\/td>\n<td><img decoding=\"async\" title=\"Can be assembled without mounting\" src=\"https:\/\/fotovision.eu\/wp-content\/uploads\/szereles.svg\" alt=\"Szerel\u00e9s n\u00e9lk\u00fcl \u00f6ssze\u00e1ll\u00edthat\u00f3\" width=\"60\" height=\"60\" \/><\/td>\n<td><img loading=\"lazy\" decoding=\"async\" title=\"Extended warranty\" src=\"https:\/\/fotovision.eu\/wp-content\/uploads\/pipa.svg\" alt=\"Kiterjesztett garancia\" width=\"60\" height=\"60\" \/><\/td>\n<\/tr>\n<\/thead>\n<\/table>\n<p> <a class=\"more-link\" href=\"https:\/\/fotovision.eu\/en\/termekek\/asztalok-pultok\/s03-felkor-asztal\/\">Read more<\/a><\/p>","protected":false},"featured_media":12193,"template":"","meta":[],"product_brand":[],"product_cat":[58],"product_tag":[],"class_list":{"0":"post-12192","1":"product","2":"type-product","3":"status-publish","4":"has-post-thumbnail","6":"product_cat-asztalok-pultok","8":"first","9":"instock","10":"sold-individually","11":"shipping-taxable","12":"product-type-simple"},"_links":{"self":[{"href":"https:\/\/fotovision.eu\/en\/wp-json\/wp\/v2\/product\/12192","targetHints":{"allow":["GET"]}}],"collection":[{"href":"https:\/\/fotovision.eu\/en\/wp-json\/wp\/v2\/product"}],"about":[{"href":"https:\/\/fotovision.eu\/en\/wp-json\/wp\/v2\/types\/product"}],"version-history":[{"count":0,"href":"https:\/\/fotovision.eu\/en\/wp-json\/wp\/v2\/product\/12192\/revisions"}],"wp:featuredmedia":[{"embeddable":true,"href":"https:\/\/fotovision.eu\/en\/wp-json\/wp\/v2\/media\/12193"}],"wp:attachment":[{"href":"https:\/\/fotovision.eu\/en\/wp-json\/wp\/v2\/media?parent=12192"}],"wp:term":[{"taxonomy":"product_brand","embeddable":true,"href":"https:\/\/fotovision.eu\/en\/wp-json\/wp\/v2\/product_brand?post=12192"},{"taxonomy":"product_cat","embeddable":true,"href":"https:\/\/fotovision.eu\/en\/wp-json\/wp\/v2\/product_cat?post=12192"},{"taxonomy":"product_tag","embeddable":true,"href":"https:\/\/fotovision.eu\/en\/wp-json\/wp\/v2\/product_tag?post=12192"}],"curies":[{"name":"wp","href":"https:\/\/api.w.org\/{rel}","templated":true}]}}