{"id":12198,"date":"2022-03-31T09:15:55","date_gmt":"2022-03-31T08:15:55","guid":{"rendered":"https:\/\/fotovision.eu\/?post_type=product&#038;p=12198"},"modified":"2022-04-09T07:25:03","modified_gmt":"2022-04-09T06:25:03","slug":"vt05-kerekes-kinalo","status":"publish","type":"product","link":"https:\/\/fotovision.eu\/en\/termekek\/asztalok-pultok\/vt05-kerekes-kinalo\/","title":{"rendered":"VT05 wheeled counter"},"content":{"rendered":"<div class=\"collapsible-body\">\n<p dir=\"ltr\" data-fulltext=\"\" data-placeholder=\"Ford\u00edt\u00e1s\"><span lang=\"hu\">The vt05 is a table that is easy to transport thanks to its wheels.\u00a0<\/span><\/p>\n<p>The graphics can be replaced on it, so you only have to buy the structure once, you can use it to advertise several products, which makes it a very cost-effective solution.<\/p>\n<p>You do not need to use any tools to assemble it, it only takes 5 minutes to set up the table. Easy to carry in an aesthetic carrying case.<\/p>\n<p>Size:<\/p>\n<p>Width:<br \/>\n90 cm<\/p>\n<p>Height:<br \/>\n100 cm<\/p>\n<p>Depth:<br \/>\n50 cm<br \/>\ntable top size: 90x50cm<\/p>\n<p><strong>Raw materials:<\/strong><\/p>\n<p>aluminium<\/p>\n<p>polyester<\/p>\n<p>furniture sheet<\/p>\n<\/div>","protected":false},"excerpt":{"rendered":"<table>\n<thead>\n<tr>\n<td><img decoding=\"async\" title=\"Quick and easy assembly\" src=\"https:\/\/fotovision.eu\/wp-content\/uploads\/ora.svg\" alt=\"Gyors \u00f6ssze\u00e1ll\u00edt\u00e1s\" width=\"60\" height=\"60\" \/><\/td>\n<td><img decoding=\"async\" title=\"Can be assembled without mounting\" src=\"https:\/\/fotovision.eu\/wp-content\/uploads\/szereles.svg\" alt=\"Szerel\u00e9s n\u00e9lk\u00fcl \u00f6ssze\u00e1ll\u00edthat\u00f3\" width=\"60\" height=\"60\" \/><\/td>\n<td><img decoding=\"async\" title=\"Extended warranty\" src=\"https:\/\/fotovision.eu\/wp-content\/uploads\/pipa.svg\" alt=\"Kiterjesztett garancia\" width=\"60\" height=\"60\" \/><\/td>\n<\/tr>\n<\/thead>\n<\/table>\n<p> <a class=\"more-link\" href=\"https:\/\/fotovision.eu\/en\/termekek\/asztalok-pultok\/vt05-kerekes-kinalo\/\">Read more<\/a><\/p>","protected":false},"featured_media":12199,"template":"","meta":[],"product_brand":[],"product_cat":[58],"product_tag":[],"class_list":{"0":"post-12198","1":"product","2":"type-product","3":"status-publish","4":"has-post-thumbnail","6":"product_cat-asztalok-pultok","8":"first","9":"instock","10":"sold-individually","11":"shipping-taxable","12":"product-type-simple"},"_links":{"self":[{"href":"https:\/\/fotovision.eu\/en\/wp-json\/wp\/v2\/product\/12198","targetHints":{"allow":["GET"]}}],"collection":[{"href":"https:\/\/fotovision.eu\/en\/wp-json\/wp\/v2\/product"}],"about":[{"href":"https:\/\/fotovision.eu\/en\/wp-json\/wp\/v2\/types\/product"}],"version-history":[{"count":0,"href":"https:\/\/fotovision.eu\/en\/wp-json\/wp\/v2\/product\/12198\/revisions"}],"wp:featuredmedia":[{"embeddable":true,"href":"https:\/\/fotovision.eu\/en\/wp-json\/wp\/v2\/media\/12199"}],"wp:attachment":[{"href":"https:\/\/fotovision.eu\/en\/wp-json\/wp\/v2\/media?parent=12198"}],"wp:term":[{"taxonomy":"product_brand","embeddable":true,"href":"https:\/\/fotovision.eu\/en\/wp-json\/wp\/v2\/product_brand?post=12198"},{"taxonomy":"product_cat","embeddable":true,"href":"https:\/\/fotovision.eu\/en\/wp-json\/wp\/v2\/product_cat?post=12198"},{"taxonomy":"product_tag","embeddable":true,"href":"https:\/\/fotovision.eu\/en\/wp-json\/wp\/v2\/product_tag?post=12198"}],"curies":[{"name":"wp","href":"https:\/\/api.w.org\/{rel}","templated":true}]}}