{"id":12211,"date":"2022-03-31T09:23:06","date_gmt":"2022-03-31T08:23:06","guid":{"rendered":"https:\/\/fotovision.eu\/?post_type=product&#038;p=12211"},"modified":"2022-03-31T10:20:07","modified_gmt":"2022-03-31T09:20:07","slug":"t02-mini-ellipszis-kinalo","status":"publish","type":"product","link":"https:\/\/fotovision.eu\/en\/termekek\/asztalok-pultok\/t02-mini-ellipszis-kinalo\/","title":{"rendered":"T03 semicircle counter"},"content":{"rendered":"<div class=\"collapsible-body\">\n<p>The most important features of the semicircle that ensure its stable and safe use: the structure of aluminum tubes with a wheel, a countertop made of MDF and laminated printing puts your unique graphics on the fabric. It consists of a laminated furniture body, shelf and counter section. Available in several basic colors. Its capacity is 100 kg. Printed in up to 1440 dpi resolution, the counter offers a successful presentation of your company's products.<br \/>\nWe add a small, aesthetic carrying case to the entire display system.<\/p>\n<p><strong>Size:<\/strong><br \/>\nWidth: 90 cm<br \/>\nheight: 95 cm<br \/>\ndepth: 60 cm<br \/>\ncounter size: 90 \u00d7 60 cm<\/p>\n<p><strong>Raw materials:<\/strong><br \/>\naluminum, particle board<\/p>\n<\/div>","protected":false},"excerpt":{"rendered":"<p>A f\u00e9lk\u00f6r k\u00edn\u00e1l\u00f3 legfontosabb jellemz\u0151i, amelyek biztos\u00edtj\u00e1k a stabil \u00e9s&hellip;<\/p>\n<p> <a class=\"more-link\" href=\"https:\/\/fotovision.eu\/en\/termekek\/asztalok-pultok\/t02-mini-ellipszis-kinalo\/\">Read more<\/a><\/p>","protected":false},"featured_media":12207,"template":"","meta":[],"product_brand":[],"product_cat":[58],"product_tag":[],"class_list":{"0":"post-12211","1":"product","2":"type-product","3":"status-publish","4":"has-post-thumbnail","6":"product_cat-asztalok-pultok","8":"first","9":"instock","10":"sold-individually","11":"shipping-taxable","12":"product-type-simple"},"_links":{"self":[{"href":"https:\/\/fotovision.eu\/en\/wp-json\/wp\/v2\/product\/12211","targetHints":{"allow":["GET"]}}],"collection":[{"href":"https:\/\/fotovision.eu\/en\/wp-json\/wp\/v2\/product"}],"about":[{"href":"https:\/\/fotovision.eu\/en\/wp-json\/wp\/v2\/types\/product"}],"version-history":[{"count":0,"href":"https:\/\/fotovision.eu\/en\/wp-json\/wp\/v2\/product\/12211\/revisions"}],"wp:featuredmedia":[{"embeddable":true,"href":"https:\/\/fotovision.eu\/en\/wp-json\/wp\/v2\/media\/12207"}],"wp:attachment":[{"href":"https:\/\/fotovision.eu\/en\/wp-json\/wp\/v2\/media?parent=12211"}],"wp:term":[{"taxonomy":"product_brand","embeddable":true,"href":"https:\/\/fotovision.eu\/en\/wp-json\/wp\/v2\/product_brand?post=12211"},{"taxonomy":"product_cat","embeddable":true,"href":"https:\/\/fotovision.eu\/en\/wp-json\/wp\/v2\/product_cat?post=12211"},{"taxonomy":"product_tag","embeddable":true,"href":"https:\/\/fotovision.eu\/en\/wp-json\/wp\/v2\/product_tag?post=12211"}],"curies":[{"name":"wp","href":"https:\/\/api.w.org\/{rel}","templated":true}]}}