{"id":12212,"date":"2022-03-31T10:20:26","date_gmt":"2022-03-31T09:20:26","guid":{"rendered":"https:\/\/fotovision.eu\/?post_type=product&#038;p=12212"},"modified":"2022-03-31T10:21:07","modified_gmt":"2022-03-31T09:21:07","slug":"t04-mini-felkor-kinalo","status":"publish","type":"product","link":"https:\/\/fotovision.eu\/en\/termekek\/asztalok-pultok\/t04-mini-felkor-kinalo\/","title":{"rendered":"T04 mini semicircle counter"},"content":{"rendered":"<div class=\"collapsible-body\">\n<p>The most important features of the mini semicircle, which ensure its stable and safe use: the structure made of aluminum tubes with a wheel, a countertop made of MDF sheet and laminated printing puts your unique graphics on the fabric. It consists of a laminated furniture body, shelf and counter section. Available in several basic colors. Its capacity is 100 kg. Printed in up to 1440 dpi resolution, the counter offers a successful presentation of your company's products.<br \/>\nWe add a small, aesthetic carrying case to the entire display system.<\/p>\n<p><strong>Size:<\/strong><br \/>\nwidth: 66 cm<br \/>\nheight: 95 cm<br \/>\ndepth: 46 cm<br \/>\ncounter size: 65 \u00d7 46 cm<\/p>\n<p><strong>Raw materials:<\/strong><br \/>\naluminum, particle board<\/p>\n<\/div>","protected":false},"excerpt":{"rendered":"<p>A mini f\u00e9lk\u00f6r k\u00edn\u00e1l\u00f3 legfontosabb jellemz\u0151i, amelyek biztos\u00edtj\u00e1k a stabil&hellip;<\/p>\n<p> <a class=\"more-link\" href=\"https:\/\/fotovision.eu\/en\/termekek\/asztalok-pultok\/t04-mini-felkor-kinalo\/\">Read more<\/a><\/p>","protected":false},"featured_media":12208,"template":"","meta":[],"product_brand":[],"product_cat":[58],"product_tag":[],"class_list":{"0":"post-12212","1":"product","2":"type-product","3":"status-publish","4":"has-post-thumbnail","6":"product_cat-asztalok-pultok","8":"first","9":"instock","10":"sold-individually","11":"shipping-taxable","12":"product-type-simple"},"_links":{"self":[{"href":"https:\/\/fotovision.eu\/en\/wp-json\/wp\/v2\/product\/12212","targetHints":{"allow":["GET"]}}],"collection":[{"href":"https:\/\/fotovision.eu\/en\/wp-json\/wp\/v2\/product"}],"about":[{"href":"https:\/\/fotovision.eu\/en\/wp-json\/wp\/v2\/types\/product"}],"version-history":[{"count":0,"href":"https:\/\/fotovision.eu\/en\/wp-json\/wp\/v2\/product\/12212\/revisions"}],"wp:featuredmedia":[{"embeddable":true,"href":"https:\/\/fotovision.eu\/en\/wp-json\/wp\/v2\/media\/12208"}],"wp:attachment":[{"href":"https:\/\/fotovision.eu\/en\/wp-json\/wp\/v2\/media?parent=12212"}],"wp:term":[{"taxonomy":"product_brand","embeddable":true,"href":"https:\/\/fotovision.eu\/en\/wp-json\/wp\/v2\/product_brand?post=12212"},{"taxonomy":"product_cat","embeddable":true,"href":"https:\/\/fotovision.eu\/en\/wp-json\/wp\/v2\/product_cat?post=12212"},{"taxonomy":"product_tag","embeddable":true,"href":"https:\/\/fotovision.eu\/en\/wp-json\/wp\/v2\/product_tag?post=12212"}],"curies":[{"name":"wp","href":"https:\/\/api.w.org\/{rel}","templated":true}]}}