{"id":12213,"date":"2022-03-31T10:21:23","date_gmt":"2022-03-31T09:21:23","guid":{"rendered":"https:\/\/fotovision.eu\/?post_type=product&#038;p=12213"},"modified":"2022-03-31T10:21:54","modified_gmt":"2022-03-31T09:21:54","slug":"t09-c-kinalo","status":"publish","type":"product","link":"https:\/\/fotovision.eu\/en\/termekek\/asztalok-pultok\/t09-c-kinalo\/","title":{"rendered":"T09 C-counter"},"content":{"rendered":"<div class=\"collapsible-body\">\n<p>Stable, safe, stylish and very practical table. The firmly mounted wheels allow the table to move freely without the table requiring any disassembly.<br \/>\nEasy to fold and carry in a small bag - can be stored. Due to its compact size and light weight, you can easily move the folded table to another promotional location.<br \/>\nThe strong aluminum construction and the attached wheels allow the stand to move freely. We add a small, aesthetic carrying case to the table.<\/p>\n<p><strong>Size:<\/strong><br \/>\nWidth: 90 cm<br \/>\nheight: 95 cm<br \/>\ndepth: 60 cm<br \/>\ncounter size: 90 \u00d7 60 cm<\/p>\n<p><strong>Raw materials:<\/strong><br \/>\naluminum, particle board<\/p>\n<\/div>","protected":false},"excerpt":{"rendered":"<p>Stabil, biztons\u00e1gos, st\u00edlusos \u00e9s nagyon praktikus asztal. A szil\u00e1rdan r\u00e1szerelt&hellip;<\/p>\n<p> <a class=\"more-link\" href=\"https:\/\/fotovision.eu\/en\/termekek\/asztalok-pultok\/t09-c-kinalo\/\">Read more<\/a><\/p>","protected":false},"featured_media":12210,"template":"","meta":[],"product_brand":[],"product_cat":[58],"product_tag":[],"class_list":{"0":"post-12213","1":"product","2":"type-product","3":"status-publish","4":"has-post-thumbnail","6":"product_cat-asztalok-pultok","8":"first","9":"instock","10":"sold-individually","11":"shipping-taxable","12":"product-type-simple"},"_links":{"self":[{"href":"https:\/\/fotovision.eu\/en\/wp-json\/wp\/v2\/product\/12213","targetHints":{"allow":["GET"]}}],"collection":[{"href":"https:\/\/fotovision.eu\/en\/wp-json\/wp\/v2\/product"}],"about":[{"href":"https:\/\/fotovision.eu\/en\/wp-json\/wp\/v2\/types\/product"}],"version-history":[{"count":0,"href":"https:\/\/fotovision.eu\/en\/wp-json\/wp\/v2\/product\/12213\/revisions"}],"wp:featuredmedia":[{"embeddable":true,"href":"https:\/\/fotovision.eu\/en\/wp-json\/wp\/v2\/media\/12210"}],"wp:attachment":[{"href":"https:\/\/fotovision.eu\/en\/wp-json\/wp\/v2\/media?parent=12213"}],"wp:term":[{"taxonomy":"product_brand","embeddable":true,"href":"https:\/\/fotovision.eu\/en\/wp-json\/wp\/v2\/product_brand?post=12213"},{"taxonomy":"product_cat","embeddable":true,"href":"https:\/\/fotovision.eu\/en\/wp-json\/wp\/v2\/product_cat?post=12213"},{"taxonomy":"product_tag","embeddable":true,"href":"https:\/\/fotovision.eu\/en\/wp-json\/wp\/v2\/product_tag?post=12213"}],"curies":[{"name":"wp","href":"https:\/\/api.w.org\/{rel}","templated":true}]}}