{"id":12220,"date":"2022-03-31T10:41:12","date_gmt":"2022-03-31T09:41:12","guid":{"rendered":"https:\/\/fotovision.eu\/?post_type=product&#038;p=12220"},"modified":"2022-03-31T10:41:55","modified_gmt":"2022-03-31T09:41:55","slug":"vt01-doboz-kinalo","status":"publish","type":"product","link":"https:\/\/fotovision.eu\/en\/termekek\/asztalok-pultok\/vt01-doboz-kinalo\/","title":{"rendered":"VT01 box counter"},"content":{"rendered":"<div class=\"collapsible-body\">\n<p>The most important feature of the box offering is the impact resistant structure. Assembly and disassembly are very quick and easy, and do not require any assembly tools. Printed in up to 1440 dpi resolution, the counter offers a successful presentation of your company's products. The offering can also be used as a carrying case.<br \/>\nWe add a small, aesthetic carrying case to the entire display system.<\/p>\n<p><strong>Size:<\/strong><br \/>\nwidth: 95 cm<br \/>\nheight: 90 cm<br \/>\ndepth: 50 cm<\/p>\n<p><strong>Raw materials:<\/strong><br \/>\ndurable plastic, polyester<\/p>\n<\/div>","protected":false},"excerpt":{"rendered":"<p>A doboz k\u00edn\u00e1l\u00f3 legfontosabb jellemz\u0151je az \u00fct\u00e9s\u00e1ll\u00f3 szerkezet. Az \u00f6sszeszerel\u00e9s&hellip;<\/p>\n<p> <a class=\"more-link\" href=\"https:\/\/fotovision.eu\/en\/termekek\/asztalok-pultok\/vt01-doboz-kinalo\/\">Read more<\/a><\/p>","protected":false},"featured_media":12216,"template":"","meta":[],"product_brand":[],"product_cat":[58],"product_tag":[],"class_list":{"0":"post-12220","1":"product","2":"type-product","3":"status-publish","4":"has-post-thumbnail","6":"product_cat-asztalok-pultok","8":"first","9":"instock","10":"sold-individually","11":"shipping-taxable","12":"product-type-simple"},"_links":{"self":[{"href":"https:\/\/fotovision.eu\/en\/wp-json\/wp\/v2\/product\/12220","targetHints":{"allow":["GET"]}}],"collection":[{"href":"https:\/\/fotovision.eu\/en\/wp-json\/wp\/v2\/product"}],"about":[{"href":"https:\/\/fotovision.eu\/en\/wp-json\/wp\/v2\/types\/product"}],"version-history":[{"count":0,"href":"https:\/\/fotovision.eu\/en\/wp-json\/wp\/v2\/product\/12220\/revisions"}],"wp:featuredmedia":[{"embeddable":true,"href":"https:\/\/fotovision.eu\/en\/wp-json\/wp\/v2\/media\/12216"}],"wp:attachment":[{"href":"https:\/\/fotovision.eu\/en\/wp-json\/wp\/v2\/media?parent=12220"}],"wp:term":[{"taxonomy":"product_brand","embeddable":true,"href":"https:\/\/fotovision.eu\/en\/wp-json\/wp\/v2\/product_brand?post=12220"},{"taxonomy":"product_cat","embeddable":true,"href":"https:\/\/fotovision.eu\/en\/wp-json\/wp\/v2\/product_cat?post=12220"},{"taxonomy":"product_tag","embeddable":true,"href":"https:\/\/fotovision.eu\/en\/wp-json\/wp\/v2\/product_tag?post=12220"}],"curies":[{"name":"wp","href":"https:\/\/api.w.org\/{rel}","templated":true}]}}