{"id":12233,"date":"2022-03-31T15:24:22","date_gmt":"2022-03-31T14:24:22","guid":{"rendered":"https:\/\/fotovision.eu\/?post_type=product&#038;p=12233"},"modified":"2022-03-31T15:25:45","modified_gmt":"2022-03-31T14:25:45","slug":"a05-levego-oszlop","status":"publish","type":"product","link":"https:\/\/fotovision.eu\/en\/termekek\/display-kulter\/a05-levego-oszlop\/","title":{"rendered":"A05 air column"},"content":{"rendered":"<div class=\"collapsible-body\">\n<p>Our inflatable air column is one of the most interesting systems in our product range. Thanks to its design, it allows a wide range of applications, both indoors and outdoors. This type of system is often used at fairs, concerts, festivals, sporting events, family picnics and as an exhibition system.<\/p>\n<p>Waterproof polyester fabric with your own logo, which you can choose to suit your own needs. Another advantage is the ability to print without buying a new system.<\/p>\n<p>Its rarity is due to the fact that it constantly maintains pressure without additional devices, such as an air compressor, so it does not require electricity.<\/p>\n<p>Az oszlopok felf\u00faj\u00e1s\u00e1ra szolg\u00e1l\u00f3 szelepeket a term\u00e9k als\u00f3 r\u00e9sz\u00e9be kell helyezni, melyet rendk\u00edv\u00fcl k\u00f6nny\u0171 be\u00e1ll\u00edtani, elhelyezni.<\/p>\n<p>The price includes shipping, graphics and individual printing of all printable items.<\/p>\n<p>The product does not include the fee for the manual or electric pump, this must be ordered separately!<\/p>\n<p><strong>Available sizes:<\/strong><\/p>\n<p>Width: 70 cm<\/p>\n<p>Height: 100\/220\/280 cm<\/p>\n<p><strong>Raw materials:\u00a0<\/strong><\/p>\n<p>PVC<\/p>\n<p>Polyester<\/p>\n<\/div>","protected":false},"excerpt":{"rendered":"<p><a href=\"\/wp-content\/uploads\/teritekrajz\/a05levegooszlop.pdf\" target=\"_blank\" rel=\"noopener\"><\/p>\n<div class=\"md-icon-wrap\"><i class=\"material-icons-outlined md-picture_as_pdf\" data-md-icon=\"picture_as_pdf\"><\/i><\/div>\n<p><strong>Download a layout <\/strong><\/a><\/p>\n<table>\n<thead>\n<tr>\n<td><img decoding=\"async\" title=\"Quick and easy assembly\" src=\"https:\/\/fotovision.eu\/wp-content\/uploads\/ora.svg\" alt=\"Gyors \u00f6ssze\u00e1ll\u00edt\u00e1s\" width=\"60\" height=\"60\" \/><\/td>\n<td><img decoding=\"async\" title=\"Light weight\" src=\"https:\/\/fotovision.eu\/wp-content\/uploads\/suly.svg\" alt=\"K\u00f6nny\u0171 s\u00faly\" width=\"60\" height=\"60\" \/><\/td>\n<td><img decoding=\"async\" title=\"Can be assembled without mounting\" src=\"https:\/\/fotovision.eu\/wp-content\/uploads\/szereles.svg\" alt=\"Szerel\u00e9s n\u00e9lk\u00fcl \u00f6ssze\u00e1ll\u00edthat\u00f3\" width=\"60\" height=\"60\" \/><\/td>\n<td><img loading=\"lazy\" decoding=\"async\" title=\"Extended warranty\" src=\"https:\/\/fotovision.eu\/wp-content\/uploads\/pipa.svg\" alt=\"Kiterjesztett garancia\" width=\"60\" height=\"60\" \/><\/td>\n<\/tr>\n<\/thead>\n<\/table>\n<p> <a class=\"more-link\" href=\"https:\/\/fotovision.eu\/en\/termekek\/display-kulter\/a05-levego-oszlop\/\">Read more<\/a><\/p>","protected":false},"featured_media":12234,"template":"","meta":[],"product_brand":[],"product_cat":[59],"product_tag":[],"class_list":{"0":"post-12233","1":"product","2":"type-product","3":"status-publish","4":"has-post-thumbnail","6":"product_cat-display-kulter","8":"first","9":"instock","10":"sold-individually","11":"shipping-taxable","12":"product-type-simple"},"_links":{"self":[{"href":"https:\/\/fotovision.eu\/en\/wp-json\/wp\/v2\/product\/12233","targetHints":{"allow":["GET"]}}],"collection":[{"href":"https:\/\/fotovision.eu\/en\/wp-json\/wp\/v2\/product"}],"about":[{"href":"https:\/\/fotovision.eu\/en\/wp-json\/wp\/v2\/types\/product"}],"version-history":[{"count":0,"href":"https:\/\/fotovision.eu\/en\/wp-json\/wp\/v2\/product\/12233\/revisions"}],"wp:featuredmedia":[{"embeddable":true,"href":"https:\/\/fotovision.eu\/en\/wp-json\/wp\/v2\/media\/12234"}],"wp:attachment":[{"href":"https:\/\/fotovision.eu\/en\/wp-json\/wp\/v2\/media?parent=12233"}],"wp:term":[{"taxonomy":"product_brand","embeddable":true,"href":"https:\/\/fotovision.eu\/en\/wp-json\/wp\/v2\/product_brand?post=12233"},{"taxonomy":"product_cat","embeddable":true,"href":"https:\/\/fotovision.eu\/en\/wp-json\/wp\/v2\/product_cat?post=12233"},{"taxonomy":"product_tag","embeddable":true,"href":"https:\/\/fotovision.eu\/en\/wp-json\/wp\/v2\/product_tag?post=12233"}],"curies":[{"name":"wp","href":"https:\/\/api.w.org\/{rel}","templated":true}]}}