{"id":12250,"date":"2022-03-31T15:32:12","date_gmt":"2022-03-31T14:32:12","guid":{"rendered":"https:\/\/fotovision.eu\/?post_type=product&#038;p=12250"},"modified":"2022-04-05T13:38:11","modified_gmt":"2022-04-05T12:38:11","slug":"r01-roll-up","status":"publish","type":"product","link":"https:\/\/fotovision.eu\/en\/termekek\/roll-up\/r01-roll-up\/","title":{"rendered":"R01 roll-up"},"content":{"rendered":"<div class=\"collapsible-body\">\n<p><span lang=\"hu-HU\">Fotovision roll-up products represent premium quality.<\/span><br \/>\n<span lang=\"hu-HU\">Its main advantage is the construction made of solid and light alloy, which has ideal mechanical properties that allow it to be set up and assembled quickly. This premium quality is very impressive and eye-catching. Its wide base guarantees stability for the entire system, to which we add an elegant and light bag, making transport convenient and easy. Roll-up is an indispensable tool in various marketing activities where the direct connection enhances the visual appearance.<\/span><\/p>\n<p><span lang=\"hu-HU\">It can be used for a wide variety of appearances, including exhibitions, promotions, exhibitions and trainings. It is a popular marketing product due to its light structure.<\/span><\/p>\n<p><strong>Available sizes:\u00a0<\/strong><\/p>\n<p>width: 85\/100\/120\/150 cm<\/p>\n<p>height: 200 cm<\/p>\n<p><strong>Raw materials:<\/strong><\/p>\n<p>aluminum<\/p>\n<p>roll-up film<\/p>\n<\/div>","protected":false},"excerpt":{"rendered":"<table>\n<thead>\n<tr>\n<td><img decoding=\"async\" title=\"Quick and easy assembly\" src=\"https:\/\/fotovision.eu\/wp-content\/uploads\/ora.svg\" alt=\"Gyors \u00f6ssze\u00e1ll\u00edt\u00e1s\" width=\"60\" height=\"60\" \/><\/td>\n<td><img decoding=\"async\" title=\"Light weight\" src=\"https:\/\/fotovision.eu\/wp-content\/uploads\/suly.svg\" alt=\"K\u00f6nny\u0171 s\u00faly\" width=\"60\" height=\"60\" \/><\/td>\n<td><img decoding=\"async\" title=\"Can be assembled without mounting\" src=\"https:\/\/fotovision.eu\/wp-content\/uploads\/szereles.svg\" alt=\"Szerel\u00e9s n\u00e9lk\u00fcl \u00f6ssze\u00e1ll\u00edthat\u00f3\" width=\"60\" height=\"60\" \/><\/td>\n<td><img loading=\"lazy\" decoding=\"async\" title=\"Extended warranty\" src=\"https:\/\/fotovision.eu\/wp-content\/uploads\/pipa.svg\" alt=\"Kiterjesztett garancia\" width=\"60\" height=\"60\" \/><\/td>\n<\/tr>\n<\/thead>\n<\/table>\n<p> <a class=\"more-link\" href=\"https:\/\/fotovision.eu\/en\/termekek\/roll-up\/r01-roll-up\/\">Read more<\/a><\/p>","protected":false},"featured_media":12251,"template":"","meta":[],"product_brand":[],"product_cat":[60],"product_tag":[],"class_list":{"0":"post-12250","1":"product","2":"type-product","3":"status-publish","4":"has-post-thumbnail","6":"product_cat-roll-up","8":"first","9":"instock","10":"featured","11":"sold-individually","12":"shipping-taxable","13":"product-type-simple"},"_links":{"self":[{"href":"https:\/\/fotovision.eu\/en\/wp-json\/wp\/v2\/product\/12250","targetHints":{"allow":["GET"]}}],"collection":[{"href":"https:\/\/fotovision.eu\/en\/wp-json\/wp\/v2\/product"}],"about":[{"href":"https:\/\/fotovision.eu\/en\/wp-json\/wp\/v2\/types\/product"}],"version-history":[{"count":0,"href":"https:\/\/fotovision.eu\/en\/wp-json\/wp\/v2\/product\/12250\/revisions"}],"wp:featuredmedia":[{"embeddable":true,"href":"https:\/\/fotovision.eu\/en\/wp-json\/wp\/v2\/media\/12251"}],"wp:attachment":[{"href":"https:\/\/fotovision.eu\/en\/wp-json\/wp\/v2\/media?parent=12250"}],"wp:term":[{"taxonomy":"product_brand","embeddable":true,"href":"https:\/\/fotovision.eu\/en\/wp-json\/wp\/v2\/product_brand?post=12250"},{"taxonomy":"product_cat","embeddable":true,"href":"https:\/\/fotovision.eu\/en\/wp-json\/wp\/v2\/product_cat?post=12250"},{"taxonomy":"product_tag","embeddable":true,"href":"https:\/\/fotovision.eu\/en\/wp-json\/wp\/v2\/product_tag?post=12250"}],"curies":[{"name":"wp","href":"https:\/\/api.w.org\/{rel}","templated":true}]}}