{"id":12260,"date":"2022-03-31T15:36:50","date_gmt":"2022-03-31T14:36:50","guid":{"rendered":"https:\/\/fotovision.eu\/?post_type=product&#038;p=12260"},"modified":"2022-03-31T15:37:31","modified_gmt":"2022-03-31T14:37:31","slug":"r04-roll-up-ad","status":"publish","type":"product","link":"https:\/\/fotovision.eu\/en\/termekek\/roll-up\/r04-roll-up-ad\/","title":{"rendered":"R04 roll-up ad"},"content":{"rendered":"<div class=\"collapsible-body\">\n<p>Fotovision roll-up products represent premium quality.<\/p>\n<p>Its main advantage is the construction made of solid and light alloy, which has ideal mechanical properties that allow it to be set up and assembled quickly. This is the only such roll up on the market. This premium quality is very impressive and eye-catching. Its wide base guarantees stability for the entire system, to which we add an elegant and light bag, making transport convenient and easy. Adjustable height from 90 to 242 cm and adjustable tension. There are magnets at the base and at the top.<\/p>\n<p><strong>Size:<\/strong><br \/>\nwidth: 85\/100 cm<br \/>\nheight: 90-242 cm<\/p>\n<p><strong>Raw materials:<\/strong><br \/>\naluminum, transparent<\/p>\n<\/div>","protected":false},"excerpt":{"rendered":"<p>A Fotovision roll-up term\u00e9kek a \u00a0pr\u00e9mium min\u0151s\u00e9get k\u00e9pviselik. F\u0151 el\u0151nye&hellip;<\/p>\n<p> <a class=\"more-link\" href=\"https:\/\/fotovision.eu\/en\/termekek\/roll-up\/r04-roll-up-ad\/\">Read more<\/a><\/p>","protected":false},"featured_media":12256,"template":"","meta":[],"product_brand":[],"product_cat":[60],"product_tag":[],"class_list":{"0":"post-12260","1":"product","2":"type-product","3":"status-publish","4":"has-post-thumbnail","6":"product_cat-roll-up","8":"first","9":"instock","10":"sold-individually","11":"shipping-taxable","12":"product-type-simple"},"_links":{"self":[{"href":"https:\/\/fotovision.eu\/en\/wp-json\/wp\/v2\/product\/12260","targetHints":{"allow":["GET"]}}],"collection":[{"href":"https:\/\/fotovision.eu\/en\/wp-json\/wp\/v2\/product"}],"about":[{"href":"https:\/\/fotovision.eu\/en\/wp-json\/wp\/v2\/types\/product"}],"version-history":[{"count":0,"href":"https:\/\/fotovision.eu\/en\/wp-json\/wp\/v2\/product\/12260\/revisions"}],"wp:featuredmedia":[{"embeddable":true,"href":"https:\/\/fotovision.eu\/en\/wp-json\/wp\/v2\/media\/12256"}],"wp:attachment":[{"href":"https:\/\/fotovision.eu\/en\/wp-json\/wp\/v2\/media?parent=12260"}],"wp:term":[{"taxonomy":"product_brand","embeddable":true,"href":"https:\/\/fotovision.eu\/en\/wp-json\/wp\/v2\/product_brand?post=12260"},{"taxonomy":"product_cat","embeddable":true,"href":"https:\/\/fotovision.eu\/en\/wp-json\/wp\/v2\/product_cat?post=12260"},{"taxonomy":"product_tag","embeddable":true,"href":"https:\/\/fotovision.eu\/en\/wp-json\/wp\/v2\/product_tag?post=12260"}],"curies":[{"name":"wp","href":"https:\/\/api.w.org\/{rel}","templated":true}]}}