{"id":12269,"date":"2022-03-31T15:42:23","date_gmt":"2022-03-31T14:42:23","guid":{"rendered":"https:\/\/fotovision.eu\/?post_type=product&#038;p=12269"},"modified":"2022-03-31T15:43:52","modified_gmt":"2022-03-31T14:43:52","slug":"k02-textil-led-i","status":"publish","type":"product","link":"https:\/\/fotovision.eu\/en\/termekek\/led-falak\/k02-textil-led-i\/","title":{"rendered":"K02 textile led i"},"content":{"rendered":"<div class=\"collapsible-body\">\n<p align=\"left\">The k02 is a standing, double-sided LED backlit wall. The design allows for easy assembly and transport.<\/p>\n<p>There is a special LED strip on each side of the wall. Thanks to the special frame design, we get a homogeneous light illumination inside the wall, perfect illumination in every corner.<\/p>\n<p align=\"left\">It can also be mounted on a wall, which can also function as a great decorative element.<\/p>\n<p align=\"left\">You only have to buy the structure once, it is enough to replace the printout if you want a new one. All prints are washable, so you don\u2019t even have to worry about what happens if the material gets dirty.<\/p>\n<p><strong>Available sizes:<\/strong><\/p>\n<p>width: 300 cm<\/p>\n<p>height: 240 cm<\/p>\n<p>depth: 12 cm<\/p>\n<p>also available in custom sizes<\/p>\n<p><strong>Raw materials:\u00a0<\/strong><\/p>\n<p>aluminium<\/p>\n<p>polyester<\/p>\n<p>LED<\/p>\n<\/div>","protected":false},"excerpt":{"rendered":"<p><a href=\"\/wp-content\/uploads\/teritekrajz\/k02textilledi.pdf\" target=\"_blank\" rel=\"noopener\"><\/p>\n<div class=\"md-icon-wrap\"><i class=\"material-icons-outlined md-picture_as_pdf\" data-md-icon=\"picture_as_pdf\"><\/i><\/div>\n<p><strong>Download a layout <\/strong><\/a><\/p>\n<table>\n<thead>\n<tr>\n<td><img decoding=\"async\" title=\"Quick and easy assembly\" src=\"https:\/\/fotovision.eu\/wp-content\/uploads\/ora.svg\" alt=\"Gyors \u00f6ssze\u00e1ll\u00edt\u00e1s\" width=\"60\" height=\"60\" \/><\/td>\n<td><img decoding=\"async\" title=\"Light weight\" src=\"https:\/\/fotovision.eu\/wp-content\/uploads\/suly.svg\" alt=\"K\u00f6nny\u0171 s\u00faly\" width=\"60\" height=\"60\" \/><\/td>\n<td><img decoding=\"async\" title=\"Can be assembled without mounting\" src=\"https:\/\/fotovision.eu\/wp-content\/uploads\/szereles.svg\" alt=\"Szerel\u00e9s n\u00e9lk\u00fcl \u00f6ssze\u00e1ll\u00edthat\u00f3\" width=\"60\" height=\"60\" \/><\/td>\n<td><img loading=\"lazy\" decoding=\"async\" title=\"Extended warranty\" src=\"https:\/\/fotovision.eu\/wp-content\/uploads\/pipa.svg\" alt=\"Kiterjesztett garancia\" width=\"60\" height=\"60\" \/><\/td>\n<\/tr>\n<\/thead>\n<\/table>\n<p> <a class=\"more-link\" href=\"https:\/\/fotovision.eu\/en\/termekek\/led-falak\/k02-textil-led-i\/\">Read more<\/a><\/p>","protected":false},"featured_media":12270,"template":"","meta":[],"product_brand":[],"product_cat":[61],"product_tag":[],"class_list":{"0":"post-12269","1":"product","2":"type-product","3":"status-publish","4":"has-post-thumbnail","6":"product_cat-led-falak","8":"first","9":"instock","10":"sold-individually","11":"shipping-taxable","12":"product-type-simple"},"_links":{"self":[{"href":"https:\/\/fotovision.eu\/en\/wp-json\/wp\/v2\/product\/12269","targetHints":{"allow":["GET"]}}],"collection":[{"href":"https:\/\/fotovision.eu\/en\/wp-json\/wp\/v2\/product"}],"about":[{"href":"https:\/\/fotovision.eu\/en\/wp-json\/wp\/v2\/types\/product"}],"version-history":[{"count":0,"href":"https:\/\/fotovision.eu\/en\/wp-json\/wp\/v2\/product\/12269\/revisions"}],"wp:featuredmedia":[{"embeddable":true,"href":"https:\/\/fotovision.eu\/en\/wp-json\/wp\/v2\/media\/12270"}],"wp:attachment":[{"href":"https:\/\/fotovision.eu\/en\/wp-json\/wp\/v2\/media?parent=12269"}],"wp:term":[{"taxonomy":"product_brand","embeddable":true,"href":"https:\/\/fotovision.eu\/en\/wp-json\/wp\/v2\/product_brand?post=12269"},{"taxonomy":"product_cat","embeddable":true,"href":"https:\/\/fotovision.eu\/en\/wp-json\/wp\/v2\/product_cat?post=12269"},{"taxonomy":"product_tag","embeddable":true,"href":"https:\/\/fotovision.eu\/en\/wp-json\/wp\/v2\/product_tag?post=12269"}],"curies":[{"name":"wp","href":"https:\/\/api.w.org\/{rel}","templated":true}]}}