{"id":12273,"date":"2022-03-31T15:44:09","date_gmt":"2022-03-31T14:44:09","guid":{"rendered":"https:\/\/fotovision.eu\/?post_type=product&#038;p=12273"},"modified":"2022-03-31T15:44:54","modified_gmt":"2022-03-31T14:44:54","slug":"k05-textil-led","status":"publish","type":"product","link":"https:\/\/fotovision.eu\/en\/termekek\/led-falak\/k05-textil-led\/","title":{"rendered":"K05 textile led"},"content":{"rendered":"<div class=\"collapsible-body\">\n<p>The k05 is an LED backlit wall. The design allows for easy assembly and transport. There is a special LED strip in every corner of the wall.<br \/>\nYou only have to buy the structure once, it is enough to replace the printout if you want a new one. All prints are washable, so you don\u2019t even have to worry about what happens if the material gets dirty.<\/p>\n<p><strong>Size:<\/strong><br \/>\nwidth: 100 cm<br \/>\nheight: 200 cm<br \/>\ndepth: 6,5 cm<\/p>\n<p><strong>Raw materials:<\/strong><br \/>\naluminum, polyester, LED<\/p>\n<p>Also available in custom sizes!<\/p>\n<\/div>","protected":false},"excerpt":{"rendered":"<p>A k05 egy \u00a0LED h\u00e1tt\u00e9r vil\u00e1g\u00edt\u00e1s\u00fa fal. A design lehet\u0151v\u00e9&hellip;<\/p>\n<p> <a class=\"more-link\" href=\"https:\/\/fotovision.eu\/en\/termekek\/led-falak\/k05-textil-led\/\">Read more<\/a><\/p>","protected":false},"featured_media":12272,"template":"","meta":[],"product_brand":[],"product_cat":[61],"product_tag":[],"class_list":{"0":"post-12273","1":"product","2":"type-product","3":"status-publish","4":"has-post-thumbnail","6":"product_cat-led-falak","8":"first","9":"instock","10":"sold-individually","11":"shipping-taxable","12":"product-type-simple"},"_links":{"self":[{"href":"https:\/\/fotovision.eu\/en\/wp-json\/wp\/v2\/product\/12273","targetHints":{"allow":["GET"]}}],"collection":[{"href":"https:\/\/fotovision.eu\/en\/wp-json\/wp\/v2\/product"}],"about":[{"href":"https:\/\/fotovision.eu\/en\/wp-json\/wp\/v2\/types\/product"}],"version-history":[{"count":0,"href":"https:\/\/fotovision.eu\/en\/wp-json\/wp\/v2\/product\/12273\/revisions"}],"wp:featuredmedia":[{"embeddable":true,"href":"https:\/\/fotovision.eu\/en\/wp-json\/wp\/v2\/media\/12272"}],"wp:attachment":[{"href":"https:\/\/fotovision.eu\/en\/wp-json\/wp\/v2\/media?parent=12273"}],"wp:term":[{"taxonomy":"product_brand","embeddable":true,"href":"https:\/\/fotovision.eu\/en\/wp-json\/wp\/v2\/product_brand?post=12273"},{"taxonomy":"product_cat","embeddable":true,"href":"https:\/\/fotovision.eu\/en\/wp-json\/wp\/v2\/product_cat?post=12273"},{"taxonomy":"product_tag","embeddable":true,"href":"https:\/\/fotovision.eu\/en\/wp-json\/wp\/v2\/product_tag?post=12273"}],"curies":[{"name":"wp","href":"https:\/\/api.w.org\/{rel}","templated":true}]}}