{"id":12295,"date":"2022-04-01T12:37:11","date_gmt":"2022-04-01T11:37:11","guid":{"rendered":"https:\/\/fotovision.eu\/?post_type=product&#038;p=12295"},"modified":"2022-04-01T12:40:43","modified_gmt":"2022-04-01T11:40:43","slug":"p01-megallitotabla","status":"publish","type":"product","link":"https:\/\/fotovision.eu\/en\/termekek\/megallitotabla\/p01-megallitotabla\/","title":{"rendered":"P01 stop sign"},"content":{"rendered":"<div class=\"collapsible-body\">\n<p>The stop sign is a traditional marketing tool. It is characterized by light weight and stability. Both sides of the board can be printed. It can be used not only indoors but also outdoors. Assembly is quick and easy, takes only half a minute, no tools are required.<\/p>\n<\/div>","protected":false},"excerpt":{"rendered":"<p><a href=\"\/wp-content\/uploads\/teritekrajz\/p01megallitotabla_teritekrajz.zip\" target=\"_blank\" rel=\"noopener\"><\/p>\n<div class=\"md-icon-wrap\"><i class=\"material-icons-outlined md-picture_as_pdf\" data-md-icon=\"picture_as_pdf\"><\/i><\/div>\n<p><strong>Download a layout <\/strong><\/a><\/p>\n<table>\n<thead>\n<tr>\n<td><img decoding=\"async\" title=\"Quick and easy assembly\" src=\"https:\/\/fotovision.eu\/wp-content\/uploads\/ora.svg\" alt=\"Gyors \u00f6ssze\u00e1ll\u00edt\u00e1s\" width=\"60\" height=\"60\" \/><\/td>\n<td><img decoding=\"async\" title=\"Can be assembled without mounting\" src=\"https:\/\/fotovision.eu\/wp-content\/uploads\/szereles.svg\" alt=\"Szerel\u00e9s n\u00e9lk\u00fcl \u00f6ssze\u00e1ll\u00edthat\u00f3\" width=\"60\" height=\"60\" \/><\/td>\n<td><img decoding=\"async\" title=\"Extended warranty\" src=\"https:\/\/fotovision.eu\/wp-content\/uploads\/pipa.svg\" alt=\"Kiterjesztett garancia\" width=\"60\" height=\"60\" \/><\/td>\n<\/tr>\n<\/thead>\n<\/table>\n<p> <a class=\"more-link\" href=\"https:\/\/fotovision.eu\/en\/termekek\/megallitotabla\/p01-megallitotabla\/\">Read more<\/a><\/p>","protected":false},"featured_media":12296,"template":"","meta":[],"product_brand":[],"product_cat":[64],"product_tag":[],"class_list":{"0":"post-12295","1":"product","2":"type-product","3":"status-publish","4":"has-post-thumbnail","6":"product_cat-megallitotabla","8":"first","9":"instock","10":"sold-individually","11":"shipping-taxable","12":"product-type-simple"},"_links":{"self":[{"href":"https:\/\/fotovision.eu\/en\/wp-json\/wp\/v2\/product\/12295","targetHints":{"allow":["GET"]}}],"collection":[{"href":"https:\/\/fotovision.eu\/en\/wp-json\/wp\/v2\/product"}],"about":[{"href":"https:\/\/fotovision.eu\/en\/wp-json\/wp\/v2\/types\/product"}],"version-history":[{"count":0,"href":"https:\/\/fotovision.eu\/en\/wp-json\/wp\/v2\/product\/12295\/revisions"}],"wp:featuredmedia":[{"embeddable":true,"href":"https:\/\/fotovision.eu\/en\/wp-json\/wp\/v2\/media\/12296"}],"wp:attachment":[{"href":"https:\/\/fotovision.eu\/en\/wp-json\/wp\/v2\/media?parent=12295"}],"wp:term":[{"taxonomy":"product_brand","embeddable":true,"href":"https:\/\/fotovision.eu\/en\/wp-json\/wp\/v2\/product_brand?post=12295"},{"taxonomy":"product_cat","embeddable":true,"href":"https:\/\/fotovision.eu\/en\/wp-json\/wp\/v2\/product_cat?post=12295"},{"taxonomy":"product_tag","embeddable":true,"href":"https:\/\/fotovision.eu\/en\/wp-json\/wp\/v2\/product_tag?post=12295"}],"curies":[{"name":"wp","href":"https:\/\/api.w.org\/{rel}","templated":true}]}}