{"id":12308,"date":"2022-04-01T12:45:27","date_gmt":"2022-04-01T11:45:27","guid":{"rendered":"https:\/\/fotovision.eu\/?post_type=product&#038;p=12308"},"modified":"2022-04-01T12:46:27","modified_gmt":"2022-04-01T11:46:27","slug":"f01-fotovision-allvany","status":"publish","type":"product","link":"https:\/\/fotovision.eu\/en\/termekek\/allvanyok\/f01-fotovision-allvany\/","title":{"rendered":"F01 fotovision stand"},"content":{"rendered":"<div class=\"collapsible-body\">\n<p>Stable aluminum construction. It consists of two sides and 6 shelves. Assembly is quick and easy, no tools required. The upper part can be logo. An aesthetic carrying case is included with the installation.<\/p>\n<p><strong>Size:<\/strong><br \/>\nheight: 155 cm<br \/>\nshelf format: A4 \/ A6 cm<\/p>\n<p><strong>Raw materials:<\/strong><br \/>\naluminum, plexiglass<\/p>\n<\/div>","protected":false},"excerpt":{"rendered":"<p>Stabil alum\u00ednium szerkezet. K\u00e9t oldalas \u00e9s 6 darab polcb\u00f3l \u00e1ll.&hellip;<\/p>\n<p> <a class=\"more-link\" href=\"https:\/\/fotovision.eu\/en\/termekek\/allvanyok\/f01-fotovision-allvany\/\">Read more<\/a><\/p>","protected":false},"featured_media":12309,"template":"","meta":[],"product_brand":[],"product_cat":[66],"product_tag":[],"class_list":{"0":"post-12308","1":"product","2":"type-product","3":"status-publish","4":"has-post-thumbnail","6":"product_cat-allvanyok","8":"first","9":"instock","10":"sold-individually","11":"shipping-taxable","12":"product-type-simple"},"_links":{"self":[{"href":"https:\/\/fotovision.eu\/en\/wp-json\/wp\/v2\/product\/12308","targetHints":{"allow":["GET"]}}],"collection":[{"href":"https:\/\/fotovision.eu\/en\/wp-json\/wp\/v2\/product"}],"about":[{"href":"https:\/\/fotovision.eu\/en\/wp-json\/wp\/v2\/types\/product"}],"version-history":[{"count":0,"href":"https:\/\/fotovision.eu\/en\/wp-json\/wp\/v2\/product\/12308\/revisions"}],"wp:featuredmedia":[{"embeddable":true,"href":"https:\/\/fotovision.eu\/en\/wp-json\/wp\/v2\/media\/12309"}],"wp:attachment":[{"href":"https:\/\/fotovision.eu\/en\/wp-json\/wp\/v2\/media?parent=12308"}],"wp:term":[{"taxonomy":"product_brand","embeddable":true,"href":"https:\/\/fotovision.eu\/en\/wp-json\/wp\/v2\/product_brand?post=12308"},{"taxonomy":"product_cat","embeddable":true,"href":"https:\/\/fotovision.eu\/en\/wp-json\/wp\/v2\/product_cat?post=12308"},{"taxonomy":"product_tag","embeddable":true,"href":"https:\/\/fotovision.eu\/en\/wp-json\/wp\/v2\/product_tag?post=12308"}],"curies":[{"name":"wp","href":"https:\/\/api.w.org\/{rel}","templated":true}]}}