{"id":12313,"date":"2022-04-01T12:46:46","date_gmt":"2022-04-01T11:46:46","guid":{"rendered":"https:\/\/fotovision.eu\/?post_type=product&#038;p=12313"},"modified":"2022-04-01T12:47:29","modified_gmt":"2022-04-01T11:47:29","slug":"f02-premium-allvany","status":"publish","type":"product","link":"https:\/\/fotovision.eu\/en\/termekek\/allvanyok\/f02-premium-allvany\/","title":{"rendered":"F02 premium stand"},"content":{"rendered":"<div class=\"collapsible-body\">\n<p>Stable aluminum construction with modern design. It consists of two sides and 4 shelves. Assembly is quick and easy, no tools required. The upper part can be logo. An aesthetic carrying case is included with the installation.<\/p>\n<p><strong>Size:<\/strong><br \/>\nheight: 90 cm<br \/>\nshelf format: A4 cm<\/p>\n<p><strong>Raw materials:<\/strong><br \/>\naluminum, acrylic<\/p>\n<\/div>","protected":false},"excerpt":{"rendered":"<p>Stabil alum\u00ednium szerkezet, modern designnal. K\u00e9t oldalas \u00e9s 4 darab&hellip;<\/p>\n<p> <a class=\"more-link\" href=\"https:\/\/fotovision.eu\/en\/termekek\/allvanyok\/f02-premium-allvany\/\">Read more<\/a><\/p>","protected":false},"featured_media":12310,"template":"","meta":[],"product_brand":[],"product_cat":[66],"product_tag":[],"class_list":{"0":"post-12313","1":"product","2":"type-product","3":"status-publish","4":"has-post-thumbnail","6":"product_cat-allvanyok","8":"first","9":"instock","10":"sold-individually","11":"shipping-taxable","12":"product-type-simple"},"_links":{"self":[{"href":"https:\/\/fotovision.eu\/en\/wp-json\/wp\/v2\/product\/12313","targetHints":{"allow":["GET"]}}],"collection":[{"href":"https:\/\/fotovision.eu\/en\/wp-json\/wp\/v2\/product"}],"about":[{"href":"https:\/\/fotovision.eu\/en\/wp-json\/wp\/v2\/types\/product"}],"version-history":[{"count":0,"href":"https:\/\/fotovision.eu\/en\/wp-json\/wp\/v2\/product\/12313\/revisions"}],"wp:featuredmedia":[{"embeddable":true,"href":"https:\/\/fotovision.eu\/en\/wp-json\/wp\/v2\/media\/12310"}],"wp:attachment":[{"href":"https:\/\/fotovision.eu\/en\/wp-json\/wp\/v2\/media?parent=12313"}],"wp:term":[{"taxonomy":"product_brand","embeddable":true,"href":"https:\/\/fotovision.eu\/en\/wp-json\/wp\/v2\/product_brand?post=12313"},{"taxonomy":"product_cat","embeddable":true,"href":"https:\/\/fotovision.eu\/en\/wp-json\/wp\/v2\/product_cat?post=12313"},{"taxonomy":"product_tag","embeddable":true,"href":"https:\/\/fotovision.eu\/en\/wp-json\/wp\/v2\/product_tag?post=12313"}],"curies":[{"name":"wp","href":"https:\/\/api.w.org\/{rel}","templated":true}]}}