{"id":12315,"date":"2022-04-01T12:50:37","date_gmt":"2022-04-01T11:50:37","guid":{"rendered":"https:\/\/fotovision.eu\/?post_type=product&#038;p=12315"},"modified":"2022-04-01T12:51:14","modified_gmt":"2022-04-01T11:51:14","slug":"f05-allvany-talca","status":"publish","type":"product","link":"https:\/\/fotovision.eu\/en\/termekek\/allvanyok\/f05-allvany-talca\/","title":{"rendered":"F05 rack tray"},"content":{"rendered":"<div class=\"collapsible-body\">\n<div class=\"row\">\n<div class=\"container center\">\n<div class=\"col s12 l12\">\n<div class=\"container\">\n<div class=\"collapsible-body\">\n<p>Stable aluminum construction with modern design. It can even be used as a counter or as a brochure holder. Assembly is quick and easy, no tools required. The upper part can be logo. An aesthetic carrying case is included with the installation.<\/p>\n<p><strong>Size:<\/strong><br \/>\nheight: 100 cm<br \/>\nshelf format: 51 \u00d7 37,5cm<\/p>\n<p><strong>Raw materials:<\/strong><br \/>\nmetal, furniture board<\/p>\n<\/div>\n<\/div>\n<\/div>\n<div class=\"col s12 l12\"><\/div>\n<\/div>\n<\/div>\n<\/div>","protected":false},"excerpt":{"rendered":"<p>Stabil alum\u00ednium szerkezet, modern designnal. Haszn\u00e1lhat\u00f3 ak\u00e1r pultk\u00e9nt vagy bross\u00faratart\u00f3k\u00e9nt&hellip;<\/p>\n<p> <a class=\"more-link\" href=\"https:\/\/fotovision.eu\/en\/termekek\/allvanyok\/f05-allvany-talca\/\">Read more<\/a><\/p>","protected":false},"featured_media":12312,"template":"","meta":[],"product_brand":[],"product_cat":[66],"product_tag":[],"class_list":{"0":"post-12315","1":"product","2":"type-product","3":"status-publish","4":"has-post-thumbnail","6":"product_cat-allvanyok","8":"first","9":"instock","10":"sold-individually","11":"shipping-taxable","12":"product-type-simple"},"_links":{"self":[{"href":"https:\/\/fotovision.eu\/en\/wp-json\/wp\/v2\/product\/12315","targetHints":{"allow":["GET"]}}],"collection":[{"href":"https:\/\/fotovision.eu\/en\/wp-json\/wp\/v2\/product"}],"about":[{"href":"https:\/\/fotovision.eu\/en\/wp-json\/wp\/v2\/types\/product"}],"version-history":[{"count":0,"href":"https:\/\/fotovision.eu\/en\/wp-json\/wp\/v2\/product\/12315\/revisions"}],"wp:featuredmedia":[{"embeddable":true,"href":"https:\/\/fotovision.eu\/en\/wp-json\/wp\/v2\/media\/12312"}],"wp:attachment":[{"href":"https:\/\/fotovision.eu\/en\/wp-json\/wp\/v2\/media?parent=12315"}],"wp:term":[{"taxonomy":"product_brand","embeddable":true,"href":"https:\/\/fotovision.eu\/en\/wp-json\/wp\/v2\/product_brand?post=12315"},{"taxonomy":"product_cat","embeddable":true,"href":"https:\/\/fotovision.eu\/en\/wp-json\/wp\/v2\/product_cat?post=12315"},{"taxonomy":"product_tag","embeddable":true,"href":"https:\/\/fotovision.eu\/en\/wp-json\/wp\/v2\/product_tag?post=12315"}],"curies":[{"name":"wp","href":"https:\/\/api.w.org\/{rel}","templated":true}]}}